{"id":3902,"date":"2022-04-22T12:56:13","date_gmt":"2022-04-22T10:56:13","guid":{"rendered":"https:\/\/shopcinius.com\/prodotti\/non class\u00e9\/petit-rollo-dans-une-enveloppe-de-sarrasin\/"},"modified":"2022-10-26T17:16:06","modified_gmt":"2022-10-26T15:16:06","slug":"rollo-petit-dans-une-enveloppe-de-sarrasin","status":"publish","type":"product","link":"https:\/\/shopcinius.com\/fr\/produits\/objets\/lits-a-rouleaux-anatomiques\/rollo-petit-dans-une-enveloppe-de-sarrasin\/","title":{"rendered":"Petit Roll\u00f2 dans une enveloppe de sarrasin"},"content":{"rendered":"<p>Petit Roll\u00f2 de sarrasin pour soulager les douleurs cervicales. Le soutien naturel aide les muscles du cou \u00e0 rel\u00e2cher les tensions accumul\u00e9es pendant la journ\u00e9e. Convient aussi bien pour la relaxation que pour le sommeil de nuit.<\/p>\n<p>Mesures : 39 cm x diam. 10<\/p>\n<p>produit fabriqu\u00e9 dans l&rsquo;UE<\/p>\n","protected":false},"excerpt":{"rendered":"<p>Petit Roll\u00f2 d&rsquo;enveloppe de sarrasin.<\/p>\n","protected":false},"featured_media":1910,"comment_status":"closed","ping_status":"closed","template":"","meta":[],"product_brand":[],"product_cat":[140],"product_tag":[],"class_list":{"0":"post-3902","1":"product","2":"type-product","3":"status-publish","4":"has-post-thumbnail","6":"product_cat-lits-a-rouleaux-anatomiques","7":"product_shipping_class-classe-h-fr","9":"first","10":"outofstock","11":"taxable","12":"shipping-taxable","13":"purchasable","14":"product-type-variable"},"acf":[],"_links":{"self":[{"href":"https:\/\/shopcinius.com\/fr\/wp-json\/wp\/v2\/product\/3902","targetHints":{"allow":["GET"]}}],"collection":[{"href":"https:\/\/shopcinius.com\/fr\/wp-json\/wp\/v2\/product"}],"about":[{"href":"https:\/\/shopcinius.com\/fr\/wp-json\/wp\/v2\/types\/product"}],"replies":[{"embeddable":true,"href":"https:\/\/shopcinius.com\/fr\/wp-json\/wp\/v2\/comments?post=3902"}],"wp:featuredmedia":[{"embeddable":true,"href":"https:\/\/shopcinius.com\/fr\/wp-json\/wp\/v2\/media\/1910"}],"wp:attachment":[{"href":"https:\/\/shopcinius.com\/fr\/wp-json\/wp\/v2\/media?parent=3902"}],"wp:term":[{"taxonomy":"product_brand","embeddable":true,"href":"https:\/\/shopcinius.com\/fr\/wp-json\/wp\/v2\/product_brand?post=3902"},{"taxonomy":"product_cat","embeddable":true,"href":"https:\/\/shopcinius.com\/fr\/wp-json\/wp\/v2\/product_cat?post=3902"},{"taxonomy":"product_tag","embeddable":true,"href":"https:\/\/shopcinius.com\/fr\/wp-json\/wp\/v2\/product_tag?post=3902"}],"curies":[{"name":"wp","href":"https:\/\/api.w.org\/{rel}","templated":true}]}}