{"id":3904,"date":"2022-01-30T20:20:12","date_gmt":"2022-01-30T19:20:12","guid":{"rendered":"https:\/\/shopcinius.com\/prodotti\/non%20class\u00e9\/toki-lit\/"},"modified":"2024-04-17T13:13:23","modified_gmt":"2024-04-17T11:13:23","slug":"lit-toki","status":"publish","type":"product","link":"https:\/\/shopcinius.com\/fr\/produits\/lits\/lit-toki\/","title":{"rendered":"Toki Lit"},"content":{"rendered":"<p>Lit \u00e0 embo\u00eetement complet en bois de h\u00eatre massif stratifi\u00e9. Sans pi\u00e8ces m\u00e9talliques (Magnetic Free). Disponible en bois naturel ou en diff\u00e9rentes couleurs. T\u00eate de lit Toki et tables de chevet \u00e0 embo\u00eetement (sur demande). Si elle est plac\u00e9e pr\u00e8s du mur, elle peut \u00eatre combin\u00e9e avec la &lsquo;t\u00eate de lit Futon&rsquo;, qui est fix\u00e9e au mur par deux crochets en laiton. La \u00ab\u00a0t\u00eate de lit Futon\u00a0\u00bb est tapiss\u00e9e de pur coton, avec une housse amovible, disponible en plusieurs couleurs, avec ou sans id\u00e9ogramme. Trait\u00e9s sur demande avec des huiles d&rsquo;impr\u00e9gnation naturelles. \u00c9galement disponible sur mesure.<\/p>\n<p><strong>Le lit est \u00e9quip\u00e9 d\u2019un sommier \u00e0 lattes et tatami correctement dimensionn\u00e9.<\/strong>.<\/p>\n","protected":false},"excerpt":{"rendered":"<p>Le lit Toki est unique : un lit bas en bois avec tatami et (en option) des tables de chevet suspendues qui est unique ! La fente obtenue dans la structure donne de l\u2019\u00e9l\u00e9gance \u00e0 l\u2019ensemble du lit, ce qui le rend id\u00e9al pour une d\u00e9coration contemporaine et japonaise. Con\u00e7u pour les tatamis, il convient \u00e9galement aux sommiers \u00e0 lattes ordinaires et est enti\u00e8rement encastr\u00e9 sans pi\u00e8ces m\u00e9talliques (Magnetic Free).<\/p>\n<p><strong>Le lit est \u00e9quip\u00e9 d\u2019un sommier \u00e0 lattes et tatami correctement dimensionn\u00e9.<\/strong>.<\/p>\n","protected":false},"featured_media":4217,"comment_status":"open","ping_status":"closed","template":"","meta":[],"product_brand":[],"product_cat":[128],"product_tag":[106],"class_list":{"0":"post-3904","1":"product","2":"type-product","3":"status-publish","4":"has-post-thumbnail","6":"product_cat-lits","7":"product_tag-commencant-par","8":"product_shipping_class-classe-a-fr-2","10":"first","11":"onbackorder","12":"taxable","13":"shipping-taxable","14":"purchasable","15":"product-type-simple"},"acf":[],"_links":{"self":[{"href":"https:\/\/shopcinius.com\/fr\/wp-json\/wp\/v2\/product\/3904","targetHints":{"allow":["GET"]}}],"collection":[{"href":"https:\/\/shopcinius.com\/fr\/wp-json\/wp\/v2\/product"}],"about":[{"href":"https:\/\/shopcinius.com\/fr\/wp-json\/wp\/v2\/types\/product"}],"replies":[{"embeddable":true,"href":"https:\/\/shopcinius.com\/fr\/wp-json\/wp\/v2\/comments?post=3904"}],"wp:featuredmedia":[{"embeddable":true,"href":"https:\/\/shopcinius.com\/fr\/wp-json\/wp\/v2\/media\/4217"}],"wp:attachment":[{"href":"https:\/\/shopcinius.com\/fr\/wp-json\/wp\/v2\/media?parent=3904"}],"wp:term":[{"taxonomy":"product_brand","embeddable":true,"href":"https:\/\/shopcinius.com\/fr\/wp-json\/wp\/v2\/product_brand?post=3904"},{"taxonomy":"product_cat","embeddable":true,"href":"https:\/\/shopcinius.com\/fr\/wp-json\/wp\/v2\/product_cat?post=3904"},{"taxonomy":"product_tag","embeddable":true,"href":"https:\/\/shopcinius.com\/fr\/wp-json\/wp\/v2\/product_tag?post=3904"}],"curies":[{"name":"wp","href":"https:\/\/api.w.org\/{rel}","templated":true}]}}