{"id":3906,"date":"2022-01-30T20:18:48","date_gmt":"2022-01-30T19:18:48","guid":{"rendered":"https:\/\/shopcinius.com\/prodotti\/non class\u00e9\/felce-lit\/"},"modified":"2022-10-26T17:44:37","modified_gmt":"2022-10-26T15:44:37","slug":"lit-felce","status":"publish","type":"product","link":"https:\/\/shopcinius.com\/fr\/produits\/lits\/lit-felce\/","title":{"rendered":"Felce Lit"},"content":{"rendered":"<p>Lit enti\u00e8rement encastr\u00e9 en bois de sapin massif. Disponible en bois naturel ou en diff\u00e9rentes couleurs. T\u00eate recommand\u00e9e : \u00ab\u00a0T\u00eate Felce\u00a0\u00bb. Tiroir avant peu encombrant (en option) coulissant sur roulettes. Tables de chevet lat\u00e9rales comprises dans le prix (sur demande peuvent \u00eatre r\u00e9duites ou \u00e9limin\u00e9es). Trait\u00e9s sur demande avec des huiles d&rsquo;impr\u00e9gnation naturelles. \u00c9galement disponible sur mesure.<\/p>\n","protected":false},"excerpt":{"rendered":"<p>Lit \u00e9cologique en bois de sapin compl\u00e8tement encastr\u00e9, le lit en feutre est con\u00e7u pour inclure les tables de chevet lat\u00e9rales dans la structure (incluses dans le prix, peuvent \u00eatre r\u00e9duites ou \u00e9limin\u00e9es). De plus, la partie interne du lit Felce devient un grand compartiment de rangement peu encombrant lorsqu\u2019il est combin\u00e9 avec le tiroir coulissant sur roulettes (en option).<\/p>\n","protected":false},"featured_media":4199,"comment_status":"open","ping_status":"closed","template":"","meta":[],"product_brand":[],"product_cat":[128],"product_tag":[106],"class_list":{"0":"post-3906","1":"product","2":"type-product","3":"status-publish","4":"has-post-thumbnail","6":"product_cat-lits","7":"product_tag-commencant-par","8":"product_shipping_class-classe-a-fr-2","10":"first","11":"onbackorder","12":"taxable","13":"shipping-taxable","14":"purchasable","15":"product-type-simple"},"acf":[],"_links":{"self":[{"href":"https:\/\/shopcinius.com\/fr\/wp-json\/wp\/v2\/product\/3906","targetHints":{"allow":["GET"]}}],"collection":[{"href":"https:\/\/shopcinius.com\/fr\/wp-json\/wp\/v2\/product"}],"about":[{"href":"https:\/\/shopcinius.com\/fr\/wp-json\/wp\/v2\/types\/product"}],"replies":[{"embeddable":true,"href":"https:\/\/shopcinius.com\/fr\/wp-json\/wp\/v2\/comments?post=3906"}],"wp:featuredmedia":[{"embeddable":true,"href":"https:\/\/shopcinius.com\/fr\/wp-json\/wp\/v2\/media\/4199"}],"wp:attachment":[{"href":"https:\/\/shopcinius.com\/fr\/wp-json\/wp\/v2\/media?parent=3906"}],"wp:term":[{"taxonomy":"product_brand","embeddable":true,"href":"https:\/\/shopcinius.com\/fr\/wp-json\/wp\/v2\/product_brand?post=3906"},{"taxonomy":"product_cat","embeddable":true,"href":"https:\/\/shopcinius.com\/fr\/wp-json\/wp\/v2\/product_cat?post=3906"},{"taxonomy":"product_tag","embeddable":true,"href":"https:\/\/shopcinius.com\/fr\/wp-json\/wp\/v2\/product_tag?post=3906"}],"curies":[{"name":"wp","href":"https:\/\/api.w.org\/{rel}","templated":true}]}}