{"id":3910,"date":"2022-01-30T20:20:11","date_gmt":"2022-01-30T19:20:11","guid":{"rendered":"https:\/\/shopcinius.com\/prodotti\/non class\u00e9\/lit-biblio\/"},"modified":"2022-10-26T18:03:30","modified_gmt":"2022-10-26T16:03:30","slug":"lit-biblio","status":"publish","type":"product","link":"https:\/\/shopcinius.com\/fr\/produits\/lits\/lit-biblio\/","title":{"rendered":"Lit Biblio"},"content":{"rendered":"<p>Fabriqu\u00e9 en bois de h\u00eatre lamellaire massif. Avec un filet \u00e0 piston (en option) peut devenir un grand lit de rangement peu encombrant. Disponible en bois naturel ou en diff\u00e9rentes couleurs. Si elle est plac\u00e9e pr\u00e8s du mur, elle peut \u00eatre combin\u00e9e avec la &lsquo;t\u00eate de lit Futon&rsquo;, qui est fix\u00e9e au mur par deux crochets en laiton. Trait\u00e9s sur demande avec des huiles d&rsquo;impr\u00e9gnation naturelles. \u00c9galement disponible sur mesure.<\/p>\n","protected":false},"excerpt":{"rendered":"<p>Lit de rangement pour un d\u00e9cor contemporain et peu encombrant, le lit Biblio en bois de h\u00eatre massif avec des compartiments de biblioth\u00e8que sur trois c\u00f4t\u00e9s de la structure est parfait pour dormir entour\u00e9 de livres! L\u2019ajout du sommier \u00e0 lattes relevables en bois avec syst\u00e8me de pistons pneumatiques fait de la Biblio un lit peu encombrant dans lequel les pi\u00e8ces m\u00e9talliques sont r\u00e9duites au minimum. Le lit Biblio est vendu enti\u00e8rement d\u00e9mont\u00e9 pour faciliter son transport; sur demande, le sommier \u00e9l\u00e9vateur peut \u00e9galement \u00eatre exp\u00e9di\u00e9 d\u00e9mont\u00e9. Le lit Biblio est adapt\u00e9 \u00e0 une utilisation m\u00eame avec de simples filets \u00e0 lattes d\u00e9roulables.<\/p>\n","protected":false},"featured_media":4442,"comment_status":"open","ping_status":"closed","template":"","meta":[],"product_brand":[],"product_cat":[128],"product_tag":[106],"class_list":{"0":"post-3910","1":"product","2":"type-product","3":"status-publish","4":"has-post-thumbnail","6":"product_cat-lits","7":"product_tag-commencant-par","8":"product_shipping_class-classe-a-fr-2","10":"first","11":"onbackorder","12":"taxable","13":"shipping-taxable","14":"purchasable","15":"product-type-simple"},"acf":[],"_links":{"self":[{"href":"https:\/\/shopcinius.com\/fr\/wp-json\/wp\/v2\/product\/3910","targetHints":{"allow":["GET"]}}],"collection":[{"href":"https:\/\/shopcinius.com\/fr\/wp-json\/wp\/v2\/product"}],"about":[{"href":"https:\/\/shopcinius.com\/fr\/wp-json\/wp\/v2\/types\/product"}],"replies":[{"embeddable":true,"href":"https:\/\/shopcinius.com\/fr\/wp-json\/wp\/v2\/comments?post=3910"}],"wp:featuredmedia":[{"embeddable":true,"href":"https:\/\/shopcinius.com\/fr\/wp-json\/wp\/v2\/media\/4442"}],"wp:attachment":[{"href":"https:\/\/shopcinius.com\/fr\/wp-json\/wp\/v2\/media?parent=3910"}],"wp:term":[{"taxonomy":"product_brand","embeddable":true,"href":"https:\/\/shopcinius.com\/fr\/wp-json\/wp\/v2\/product_brand?post=3910"},{"taxonomy":"product_cat","embeddable":true,"href":"https:\/\/shopcinius.com\/fr\/wp-json\/wp\/v2\/product_cat?post=3910"},{"taxonomy":"product_tag","embeddable":true,"href":"https:\/\/shopcinius.com\/fr\/wp-json\/wp\/v2\/product_tag?post=3910"}],"curies":[{"name":"wp","href":"https:\/\/api.w.org\/{rel}","templated":true}]}}