{"id":3912,"date":"2022-01-30T20:20:11","date_gmt":"2022-01-30T19:20:11","guid":{"rendered":"https:\/\/shopcinius.com\/prodotti\/non class\u00e9\/lit-luna\/"},"modified":"2022-10-26T18:10:10","modified_gmt":"2022-10-26T16:10:10","slug":"lit-luna","status":"publish","type":"product","link":"https:\/\/shopcinius.com\/fr\/produits\/lits\/lit-luna\/","title":{"rendered":"Lit Luna"},"content":{"rendered":"<p>Lit \u00e0 embo\u00eetement complet en bois de h\u00eatre massif stratifi\u00e9. Sans pi\u00e8ces m\u00e9talliques (Magnetic Free). Disponible en bois naturel ou en diff\u00e9rentes couleurs. Si elle est plac\u00e9e pr\u00e8s du mur, elle peut \u00eatre combin\u00e9e avec la &lsquo;t\u00eate de lit Futon&rsquo;, qui est fix\u00e9e au mur par deux crochets en laiton. La \u00ab\u00a0t\u00eate de lit Futon\u00a0\u00bb est tapiss\u00e9e de pur coton, avec une housse amovible, disponible en plusieurs couleurs, avec ou sans id\u00e9ogramme. Peut \u00eatre combin\u00e9 (sur demande) \u00e0 la t\u00eate de lit Kibo ou \u00e0 la table de chevet Luna (avec petit tatami amovible \u00e0 usage de tiroir). Trait\u00e9s sur demande avec des huiles d&rsquo;impr\u00e9gnation naturelles. \u00c9galement disponible sur mesure.<\/p>\n","protected":false},"excerpt":{"rendered":"<p>Le Lit Luna est un lit en bois dont la structure a \u00e9t\u00e9 sp\u00e9cialement \u00e9tudi\u00e9e pour contenir les tatamis et sembare suspendue, comme un \u00ab\u00a0tapis volant\u00a0\u00bb. Le lit de luna est \u00e9galement \u00e9cologique : en bois de h\u00eatre massif, il est con\u00e7u enti\u00e8rement encastr\u00e9 et sans pi\u00e8ces m\u00e9talliques (Magnetic Free). En optant pour une structure plus large du matelas, vous pouvez exposer les tatamis &#8211; \u00e0 la fois sur les c\u00f4t\u00e9s et dans la zone des pieds. Le lit Luna peut \u00eatre personnalis\u00e9 (sur demande) en y associant la t\u00eate de lit Kibo ou la table de chevet Luna (avec petit tatami relevable \u00e0 usage tiroir).<\/p>\n","protected":false},"featured_media":4211,"comment_status":"open","ping_status":"closed","template":"","meta":[],"product_brand":[],"product_cat":[128],"product_tag":[106],"class_list":{"0":"post-3912","1":"product","2":"type-product","3":"status-publish","4":"has-post-thumbnail","6":"product_cat-lits","7":"product_tag-commencant-par","8":"product_shipping_class-classe-a-fr-2","10":"first","11":"onbackorder","12":"taxable","13":"shipping-taxable","14":"purchasable","15":"product-type-simple"},"acf":[],"_links":{"self":[{"href":"https:\/\/shopcinius.com\/fr\/wp-json\/wp\/v2\/product\/3912","targetHints":{"allow":["GET"]}}],"collection":[{"href":"https:\/\/shopcinius.com\/fr\/wp-json\/wp\/v2\/product"}],"about":[{"href":"https:\/\/shopcinius.com\/fr\/wp-json\/wp\/v2\/types\/product"}],"replies":[{"embeddable":true,"href":"https:\/\/shopcinius.com\/fr\/wp-json\/wp\/v2\/comments?post=3912"}],"wp:featuredmedia":[{"embeddable":true,"href":"https:\/\/shopcinius.com\/fr\/wp-json\/wp\/v2\/media\/4211"}],"wp:attachment":[{"href":"https:\/\/shopcinius.com\/fr\/wp-json\/wp\/v2\/media?parent=3912"}],"wp:term":[{"taxonomy":"product_brand","embeddable":true,"href":"https:\/\/shopcinius.com\/fr\/wp-json\/wp\/v2\/product_brand?post=3912"},{"taxonomy":"product_cat","embeddable":true,"href":"https:\/\/shopcinius.com\/fr\/wp-json\/wp\/v2\/product_cat?post=3912"},{"taxonomy":"product_tag","embeddable":true,"href":"https:\/\/shopcinius.com\/fr\/wp-json\/wp\/v2\/product_tag?post=3912"}],"curies":[{"name":"wp","href":"https:\/\/api.w.org\/{rel}","templated":true}]}}