{"id":3914,"date":"2022-01-30T20:18:48","date_gmt":"2022-01-30T19:18:48","guid":{"rendered":"https:\/\/shopcinius.com\/prodotti\/non class\u00e9\/lit-kyoto\/"},"modified":"2022-10-26T18:20:52","modified_gmt":"2022-10-26T16:20:52","slug":"lit-kyoto","status":"publish","type":"product","link":"https:\/\/shopcinius.com\/fr\/produits\/lits\/lit-kyoto\/","title":{"rendered":"Lit Kyoto"},"content":{"rendered":"<p>Lit \u00e0 embo\u00eetement complet en bois de h\u00eatre massif stratifi\u00e9. Sans pi\u00e8ces m\u00e9talliques (Magnetic Free). 4 types de pieds diff\u00e9rents. T\u00eate de lit recommand\u00e9e : \u00ab\u00a0Kyoto T\u00eate de lit\u00a0\u00bb en h\u00eatre, l\u00e9g\u00e8rement inclin\u00e9e, \u00e0 fixer sur le bord du lit avec des broches en bois ou des vis. Si elle est plac\u00e9e pr\u00e8s du mur, elle peut \u00eatre combin\u00e9e avec la &lsquo;t\u00eate de lit Futon&rsquo;, qui est fix\u00e9e au mur par deux crochets en laiton. La \u00ab\u00a0t\u00eate de lit Futon\u00a0\u00bb est tapiss\u00e9e de pur coton, avec une housse amovible, disponible en plusieurs couleurs, avec ou sans id\u00e9ogramme. Trait\u00e9s sur demande avec des huiles d&rsquo;impr\u00e9gnation naturelles. \u00c9galement disponible sur mesure.<\/p>\n","protected":false},"excerpt":{"rendered":"<p>Le lit Kyoto est le lit en bois \u00e9cologique par d\u00e9finition : nous avons remis \u00e0 z\u00e9ro les d\u00e9chets de production, gr\u00e2ce \u00e0 une structure enti\u00e8rement encastr\u00e9e sans pi\u00e8ces m\u00e9talliques (Magnetic Free). Sans oublier que c\u2019est un lit en bois personnalisable jusque dans les moindres d\u00e9tails : 4 diff\u00e9rents types de pieds; tables de chevet standard ou suspendues (sur demande); auvent (sur demande); commodes (sur demande); tiroirs sous lit (sur demande); t\u00eate de lit Kyoto en bois massif (sur demande, fix\u00e9e avec ou sans vis en m\u00e9tal).<\/p>\n","protected":false},"featured_media":8227,"comment_status":"open","ping_status":"closed","template":"","meta":[],"product_brand":[],"product_cat":[128],"product_tag":[106],"class_list":{"0":"post-3914","1":"product","2":"type-product","3":"status-publish","4":"has-post-thumbnail","6":"product_cat-lits","7":"product_tag-commencant-par","8":"product_shipping_class-classe-a-fr-2","10":"first","11":"onbackorder","12":"taxable","13":"shipping-taxable","14":"purchasable","15":"product-type-simple"},"acf":[],"_links":{"self":[{"href":"https:\/\/shopcinius.com\/fr\/wp-json\/wp\/v2\/product\/3914","targetHints":{"allow":["GET"]}}],"collection":[{"href":"https:\/\/shopcinius.com\/fr\/wp-json\/wp\/v2\/product"}],"about":[{"href":"https:\/\/shopcinius.com\/fr\/wp-json\/wp\/v2\/types\/product"}],"replies":[{"embeddable":true,"href":"https:\/\/shopcinius.com\/fr\/wp-json\/wp\/v2\/comments?post=3914"}],"wp:featuredmedia":[{"embeddable":true,"href":"https:\/\/shopcinius.com\/fr\/wp-json\/wp\/v2\/media\/8227"}],"wp:attachment":[{"href":"https:\/\/shopcinius.com\/fr\/wp-json\/wp\/v2\/media?parent=3914"}],"wp:term":[{"taxonomy":"product_brand","embeddable":true,"href":"https:\/\/shopcinius.com\/fr\/wp-json\/wp\/v2\/product_brand?post=3914"},{"taxonomy":"product_cat","embeddable":true,"href":"https:\/\/shopcinius.com\/fr\/wp-json\/wp\/v2\/product_cat?post=3914"},{"taxonomy":"product_tag","embeddable":true,"href":"https:\/\/shopcinius.com\/fr\/wp-json\/wp\/v2\/product_tag?post=3914"}],"curies":[{"name":"wp","href":"https:\/\/api.w.org\/{rel}","templated":true}]}}