{"id":3916,"date":"2022-01-30T20:20:12","date_gmt":"2022-01-30T19:20:12","guid":{"rendered":"https:\/\/shopcinius.com\/prodotti\/non class\u00e9\/lit-yasumi-avec-baldaquin\/"},"modified":"2022-10-26T18:30:14","modified_gmt":"2022-10-26T16:30:14","slug":"lit-yasumi-avec-baldaquin","status":"publish","type":"product","link":"https:\/\/shopcinius.com\/fr\/produits\/lits\/lit-yasumi-avec-baldaquin\/","title":{"rendered":"Lit Yasumi avec baldaquin"},"content":{"rendered":"<p>En bois massif de h\u00eatre lamell\u00e9 avec repose-lit en tatami. Disponible en bois naturel ou en diff\u00e9rentes couleurs. Pour r\u00e9duire les oscillations, la canop\u00e9e doit \u00eatre ancr\u00e9e au mur et n\u00e9cessite l\u2019utilisation d\u2019\u00e9l\u00e9ments m\u00e9talliques de montage. Lorsqu\u2019il est plac\u00e9 pr\u00e8s du mur, il peut \u00eatre associ\u00e9 \u00e0 la t\u00eate de lit Futon, qui est fix\u00e9e au mur avec deux crochets en laiton. La t\u00eate de lit Futon est rembourr\u00e9e en pur coton, d\u00e9houssable, disponible en plusieurs couleurs, avec ou sans id\u00e9ogramme.<\/p>\n","protected":false},"excerpt":{"rendered":"<p>Le Yasumi est un lit en bois avec un cadre de lit recouvert de tatami, donc parfait aussi bien pour un d\u00e9cor contemporain que pour un d\u00e9cor japonais. En le combinant avec le baldaquin, Yasumi exprime la meilleure fa\u00e7on d\u2019interpr\u00e9ter le baldaquin dans le style japonais.<\/p>\n","protected":false},"featured_media":7829,"comment_status":"open","ping_status":"closed","template":"","meta":[],"product_brand":[],"product_cat":[128],"product_tag":[106],"class_list":{"0":"post-3916","1":"product","2":"type-product","3":"status-publish","4":"has-post-thumbnail","6":"product_cat-lits","7":"product_tag-commencant-par","8":"product_shipping_class-classe-a-fr-2","10":"first","11":"onbackorder","12":"taxable","13":"shipping-taxable","14":"purchasable","15":"product-type-simple"},"acf":[],"_links":{"self":[{"href":"https:\/\/shopcinius.com\/fr\/wp-json\/wp\/v2\/product\/3916","targetHints":{"allow":["GET"]}}],"collection":[{"href":"https:\/\/shopcinius.com\/fr\/wp-json\/wp\/v2\/product"}],"about":[{"href":"https:\/\/shopcinius.com\/fr\/wp-json\/wp\/v2\/types\/product"}],"replies":[{"embeddable":true,"href":"https:\/\/shopcinius.com\/fr\/wp-json\/wp\/v2\/comments?post=3916"}],"wp:featuredmedia":[{"embeddable":true,"href":"https:\/\/shopcinius.com\/fr\/wp-json\/wp\/v2\/media\/7829"}],"wp:attachment":[{"href":"https:\/\/shopcinius.com\/fr\/wp-json\/wp\/v2\/media?parent=3916"}],"wp:term":[{"taxonomy":"product_brand","embeddable":true,"href":"https:\/\/shopcinius.com\/fr\/wp-json\/wp\/v2\/product_brand?post=3916"},{"taxonomy":"product_cat","embeddable":true,"href":"https:\/\/shopcinius.com\/fr\/wp-json\/wp\/v2\/product_cat?post=3916"},{"taxonomy":"product_tag","embeddable":true,"href":"https:\/\/shopcinius.com\/fr\/wp-json\/wp\/v2\/product_tag?post=3916"}],"curies":[{"name":"wp","href":"https:\/\/api.w.org\/{rel}","templated":true}]}}