{"id":3922,"date":"2022-01-30T20:20:11","date_gmt":"2022-01-30T19:20:11","guid":{"rendered":"https:\/\/shopcinius.com\/prodotti\/non class\u00e9\/lit-rid-isola\/"},"modified":"2022-10-26T18:53:42","modified_gmt":"2022-10-26T16:53:42","slug":"lit-isola-rid","status":"publish","type":"product","link":"https:\/\/shopcinius.com\/fr\/produits\/lits\/lit-isola-rid\/","title":{"rendered":"Lit Rid Isola"},"content":{"rendered":"<p>Tout en \u00e9tant large, la distance entre le plan du lit Isola et le sol est de seulement 20cm : cela comporte un encombrement &#8211; esth\u00e9tique et spatial &#8211; minimum et permet de placer le lit \u00e0 moins de 1m de l\u2019armoire ou du mur, sans pour autant limiter la libert\u00e9 de mouvement. Si vous souhaitez r\u00e9duire l\u2019encombrement du p\u00e9rim\u00e8tre du Lit Isola (qui est de 20cm), vous pouvez demander la modification de la structure dans la zone proche du mur. Il s\u2019agit d\u2019une r\u00e9duction de la bande de t\u00eate et des deux pieds de t\u00eate de 20cm \u00e0 3cm : l\u2019encombrement de la t\u00eate aux pieds passe de 240cm \u00e0 223cm. Alternativement, vous pouvez \u00e9galement \u00e9valuer le lit Kyoto avec pieds de type \u00ab\u00a0B\u00a0\u00bb, assimilable \u00e0 un lit d\u2019\u00eele avec un p\u00e9rim\u00e8tre de 10cm. Le Lit Isola peut \u00eatre personnalis\u00e9 (sur demande) en combinant tables de chevet (m\u00eame suspendues), t\u00eates de lit, commodes, tatamis et sous-lits.<br \/>\nLit \u00e0 embo\u00eetement complet en bois de h\u00eatre massif stratifi\u00e9. Sans pi\u00e8ces m\u00e9talliques (Magnetic Free). Pr\u00e9par\u00e9 pour \u00eatre combin\u00e9 avec les tatamis, \u00e0 poser sur les filets \u00e0 lattes. Disponible en bois naturel ou en diff\u00e9rentes couleurs. La hauteur totale avec un matelas de 15\/16 cm reposant sur des lattes en bois est d&rsquo;environ 36 cm. L\u2019altezza totale con un materasso da 15\/16cm appoggiato su tatami \u00e8 di circa 42cm. Si elle est plac\u00e9e pr\u00e8s du mur, elle peut \u00eatre combin\u00e9e avec la &lsquo;t\u00eate de lit Futon&rsquo;, qui est fix\u00e9e au mur par deux crochets en laiton. La \u00ab\u00a0t\u00eate de lit Futon\u00a0\u00bb est tapiss\u00e9e de pur coton, avec une housse amovible, disponible en plusieurs couleurs, avec ou sans id\u00e9ogramme. Divers accessoires assortis : tables de chevet (\u00e9galement suspendues), t\u00eates de lit, commodes, tatamis et sous-lits. Trait\u00e9s sur demande avec des huiles d&rsquo;impr\u00e9gnation naturelles. \u00c9galement disponible sur mesure.<\/p>\n","protected":false},"excerpt":{"rendered":"<p>Le Lit Isola est le troisi\u00e8me lit oriental con\u00e7u par Cinius et est n\u00e9 de l\u2019exigence de concevoir un lit en bois de style japonais, m\u00eame sans tatami. En outre, il s\u2019agit d\u2019un lit \u00e9cologique, car il est con\u00e7u enti\u00e8rement encastr\u00e9 et sans pi\u00e8ces m\u00e9talliques (Magnetic Free). L\u2019\u00e9l\u00e9gance simple des pieds vient du fait qu\u2019il ne s\u2019agit pas de \u00ab\u00a0simples cubes\u00a0\u00bb : nos artisans menuisiers les cr\u00e9ent avec un travail en \u00e9pi pour donner continuit\u00e9 aux veines du bois et cr\u00e9er un dessin circulaire.<\/p>\n","protected":false},"featured_media":4205,"comment_status":"open","ping_status":"closed","template":"","meta":[],"product_brand":[],"product_cat":[128],"product_tag":[106],"class_list":{"0":"post-3922","1":"product","2":"type-product","3":"status-publish","4":"has-post-thumbnail","6":"product_cat-lits","7":"product_tag-commencant-par","8":"product_shipping_class-classe-a-fr-2","10":"first","11":"onbackorder","12":"taxable","13":"shipping-taxable","14":"purchasable","15":"product-type-simple"},"acf":[],"_links":{"self":[{"href":"https:\/\/shopcinius.com\/fr\/wp-json\/wp\/v2\/product\/3922","targetHints":{"allow":["GET"]}}],"collection":[{"href":"https:\/\/shopcinius.com\/fr\/wp-json\/wp\/v2\/product"}],"about":[{"href":"https:\/\/shopcinius.com\/fr\/wp-json\/wp\/v2\/types\/product"}],"replies":[{"embeddable":true,"href":"https:\/\/shopcinius.com\/fr\/wp-json\/wp\/v2\/comments?post=3922"}],"wp:featuredmedia":[{"embeddable":true,"href":"https:\/\/shopcinius.com\/fr\/wp-json\/wp\/v2\/media\/4205"}],"wp:attachment":[{"href":"https:\/\/shopcinius.com\/fr\/wp-json\/wp\/v2\/media?parent=3922"}],"wp:term":[{"taxonomy":"product_brand","embeddable":true,"href":"https:\/\/shopcinius.com\/fr\/wp-json\/wp\/v2\/product_brand?post=3922"},{"taxonomy":"product_cat","embeddable":true,"href":"https:\/\/shopcinius.com\/fr\/wp-json\/wp\/v2\/product_cat?post=3922"},{"taxonomy":"product_tag","embeddable":true,"href":"https:\/\/shopcinius.com\/fr\/wp-json\/wp\/v2\/product_tag?post=3922"}],"curies":[{"name":"wp","href":"https:\/\/api.w.org\/{rel}","templated":true}]}}