{"id":3924,"date":"2022-01-30T20:18:48","date_gmt":"2022-01-30T19:18:48","guid":{"rendered":"https:\/\/shopcinius.com\/prodotti\/non class\u00e9\/lit-tatami-bed\/"},"modified":"2022-10-26T19:00:45","modified_gmt":"2022-10-26T17:00:45","slug":"lit-tatami-bed","status":"publish","type":"product","link":"https:\/\/shopcinius.com\/fr\/produits\/lits\/lit-tatami-bed\/","title":{"rendered":"Lit Tatami bed"},"content":{"rendered":"<p>Lit \u00e0 embo\u00eetement complet en bois de h\u00eatre massif stratifi\u00e9.<br \/>\nDisponible en bois naturel ou en diff\u00e9rentes couleurs.<br \/>\nEnti\u00e8rement embo\u00eetable et sans pi\u00e8ces m\u00e9talliques (Magnetic Free).<br \/>\nDisponible en hauteur et en dimensions personnalis\u00e9es.<br \/>\nT\u00eate de lit recommand\u00e9e : \u00ab\u00a0Kibo\u00a0\u00bb, compos\u00e9e d&rsquo;une fine plaque de bois massif inclin\u00e9e qui met en valeur le grain du h\u00eatre.<br \/>\nSi elle est plac\u00e9e pr\u00e8s du mur, elle peut \u00eatre combin\u00e9e avec la &lsquo;t\u00eate de lit Futon&rsquo;, qui est fix\u00e9e au mur par deux crochets en laiton.<br \/>\nLa \u00ab\u00a0t\u00eate de lit Futon\u00a0\u00bb est tapiss\u00e9e de pur coton, avec une housse amovible, disponible en plusieurs couleurs, avec ou sans id\u00e9ogramme.<br \/>\nTrait\u00e9s sur demande avec des huiles d&rsquo;impr\u00e9gnation naturelles.<br \/>\n\u00c9galement disponible sur mesure.<\/p>\n","protected":false},"excerpt":{"rendered":"<p>Le lit Tatami-Bed est le premier mod\u00e8le de lit con\u00e7u pour les tatamis : con\u00e7u en 1985, il est devenu un classique. En bois de h\u00eatre massif, c\u2019\u00e9tait aussi le premier lit Cinius enti\u00e8rement encastr\u00e9 et sans pi\u00e8ces m\u00e9talliques (Magnetic Free). Avant le lit Tatami-Bed, le concept m\u00eame du lit japonais n\u2019existait pas : les tatamis \u00e9taient pos\u00e9s directement sur le sol ou sur des lattes de bois !<\/p>\n","protected":false},"featured_media":4196,"comment_status":"open","ping_status":"closed","template":"","meta":[],"product_brand":[],"product_cat":[128],"product_tag":[106],"class_list":{"0":"post-3924","1":"product","2":"type-product","3":"status-publish","4":"has-post-thumbnail","6":"product_cat-lits","7":"product_tag-commencant-par","8":"product_shipping_class-classe-a-fr-2","10":"first","11":"onbackorder","12":"taxable","13":"shipping-taxable","14":"purchasable","15":"product-type-simple"},"acf":[],"_links":{"self":[{"href":"https:\/\/shopcinius.com\/fr\/wp-json\/wp\/v2\/product\/3924","targetHints":{"allow":["GET"]}}],"collection":[{"href":"https:\/\/shopcinius.com\/fr\/wp-json\/wp\/v2\/product"}],"about":[{"href":"https:\/\/shopcinius.com\/fr\/wp-json\/wp\/v2\/types\/product"}],"replies":[{"embeddable":true,"href":"https:\/\/shopcinius.com\/fr\/wp-json\/wp\/v2\/comments?post=3924"}],"wp:featuredmedia":[{"embeddable":true,"href":"https:\/\/shopcinius.com\/fr\/wp-json\/wp\/v2\/media\/4196"}],"wp:attachment":[{"href":"https:\/\/shopcinius.com\/fr\/wp-json\/wp\/v2\/media?parent=3924"}],"wp:term":[{"taxonomy":"product_brand","embeddable":true,"href":"https:\/\/shopcinius.com\/fr\/wp-json\/wp\/v2\/product_brand?post=3924"},{"taxonomy":"product_cat","embeddable":true,"href":"https:\/\/shopcinius.com\/fr\/wp-json\/wp\/v2\/product_cat?post=3924"},{"taxonomy":"product_tag","embeddable":true,"href":"https:\/\/shopcinius.com\/fr\/wp-json\/wp\/v2\/product_tag?post=3924"}],"curies":[{"name":"wp","href":"https:\/\/api.w.org\/{rel}","templated":true}]}}