{"id":3926,"date":"2022-01-30T20:20:12","date_gmt":"2022-01-30T19:20:12","guid":{"rendered":"https:\/\/shopcinius.com\/prodotti\/non class\u00e9\/lit-peu-encombrant-slim\/"},"modified":"2022-10-27T10:59:02","modified_gmt":"2022-10-27T08:59:02","slug":"lit-peu-encombrant-slim","status":"publish","type":"product","link":"https:\/\/shopcinius.com\/fr\/produits\/lits\/lit-peu-encombrant-slim\/","title":{"rendered":"Lit peu encombrant Slim"},"content":{"rendered":"<p>Lit gain de place en bois massif de h\u00eatre lamell\u00e9. Disponible en bois brut ou en diff\u00e9rentes couleurs. Filet relevable \u00e0 pistons (sur demande). T\u00eate recommand\u00e9e : \u00ab\u00a0T\u00eate Slim\u00a0\u00bb. Lorsqu\u2019il est plac\u00e9 pr\u00e8s du mur, il peut \u00eatre associ\u00e9 \u00e0 la \u00ab\u00a0Futon Head\u00a0\u00bb, qui est fix\u00e9e au mur avec deux crochets en laiton. La \u00ab\u00a0T\u00eate de Lit Futon\u00a0\u00bb est rembourr\u00e9e en pur coton, d\u00e9houssable, disponible en plusieurs couleurs, avec ou sans id\u00e9ogramme. Trait\u00e9 sur demande avec des huiles d\u2019impr\u00e9gnation naturelles. \u00c9galement disponible sur mesure.<\/p>\n","protected":false},"excerpt":{"rendered":"<p>Variante du Libroletto, le Lit Slim est un lit peu encombrant en bois \u00e0 la structure plus contenue. Cependant, il est \u00e9galement pr\u00e9vu pour accueillir un sommier \u00e0 pistons (sur demande), devenant ainsi un lit de rangement. La t\u00eate Slim consiste en un rayonnage confortable et spacieux qui peut augmenter l\u2019espace d\u00e9j\u00e0 fourni par le compartiment du pied de lit.<\/p>\n","protected":false},"featured_media":4220,"comment_status":"open","ping_status":"closed","template":"","meta":[],"product_brand":[],"product_cat":[128],"product_tag":[106],"class_list":{"0":"post-3926","1":"product","2":"type-product","3":"status-publish","4":"has-post-thumbnail","6":"product_cat-lits","7":"product_tag-commencant-par","8":"product_shipping_class-classe-a-fr-2","10":"first","11":"onbackorder","12":"taxable","13":"shipping-taxable","14":"purchasable","15":"product-type-simple"},"acf":[],"_links":{"self":[{"href":"https:\/\/shopcinius.com\/fr\/wp-json\/wp\/v2\/product\/3926","targetHints":{"allow":["GET"]}}],"collection":[{"href":"https:\/\/shopcinius.com\/fr\/wp-json\/wp\/v2\/product"}],"about":[{"href":"https:\/\/shopcinius.com\/fr\/wp-json\/wp\/v2\/types\/product"}],"replies":[{"embeddable":true,"href":"https:\/\/shopcinius.com\/fr\/wp-json\/wp\/v2\/comments?post=3926"}],"wp:featuredmedia":[{"embeddable":true,"href":"https:\/\/shopcinius.com\/fr\/wp-json\/wp\/v2\/media\/4220"}],"wp:attachment":[{"href":"https:\/\/shopcinius.com\/fr\/wp-json\/wp\/v2\/media?parent=3926"}],"wp:term":[{"taxonomy":"product_brand","embeddable":true,"href":"https:\/\/shopcinius.com\/fr\/wp-json\/wp\/v2\/product_brand?post=3926"},{"taxonomy":"product_cat","embeddable":true,"href":"https:\/\/shopcinius.com\/fr\/wp-json\/wp\/v2\/product_cat?post=3926"},{"taxonomy":"product_tag","embeddable":true,"href":"https:\/\/shopcinius.com\/fr\/wp-json\/wp\/v2\/product_tag?post=3926"}],"curies":[{"name":"wp","href":"https:\/\/api.w.org\/{rel}","templated":true}]}}