{"id":3928,"date":"2022-01-30T20:20:12","date_gmt":"2022-01-30T20:20:12","guid":{"rendered":"https:\/\/shopcinius.com\/prodotti\/non%20class\u00e9\/lit-box-peu-encombrant\/"},"modified":"2023-11-06T18:19:17","modified_gmt":"2023-11-06T17:19:17","slug":"lit-gain-de-place-box","status":"publish","type":"product","link":"https:\/\/shopcinius.com\/fr\/produits\/lits\/lit-gain-de-place-box\/","title":{"rendered":"Lit box peu encombrant"},"content":{"rendered":"<p>Le Lit Box est vendu enti\u00e8rement d\u00e9mont\u00e9 pour faciliter son transport. Le Lit Box est adapt\u00e9 pour une utilisation avec des filets d\u00e9roulables et peut \u00eatre personnalis\u00e9 en hauteur jusqu\u2019\u00e0 un maximum de 50cm.<br \/>\nLe Lit Box est \u00e9galement personnalisable dans le style :<br \/>\nversion standard avec ar\u00eate coup\u00e9e;<br \/>\n<a href=\"https:\/\/shopcinius.com\/fr\/produits\/lits\/lit-peu-encombrant-box-mo\/\">version \u00e0 ar\u00eate biseaut\u00e9e MO;<\/a><br \/>\n<a href=\"https:\/\/shopcinius.com\/fr\/produits\/lits\/lit-gain-de-place-box-up\/\">version Up avec pied sur\u00e9lev\u00e9.<\/a><\/p>\n<p>Disponible en bois brut ou en diff\u00e9rentes couleurs;<br \/>\nLorsqu\u2019il est plac\u00e9 \u00e0 proximit\u00e9 du mur, il peut \u00eatre associ\u00e9 \u00e0 la t\u00eate de lit Futon, qui est fix\u00e9e au mur avec deux crochets en laiton; La t\u00eate de lit Futon est rembourr\u00e9e en pur coton, d\u00e9houssable, disponible en plusieurs couleurs, avec ou sans id\u00e9ogramme;<br \/>\nTrait\u00e9s sur demande avec des huiles d&rsquo;impr\u00e9gnation naturelles;<br \/>\n\u00c9galement disponible sur mesure.<\/p>\n","protected":false},"excerpt":{"rendered":"<p>Le lit \u00ab\u00a0Box\u00a0\u00bb est une solution de design \u00e9l\u00e9gante et peu encombrante, id\u00e9ale pour ceux qui veulent un mobilier minimaliste et fonctionnel. Enti\u00e8rement r\u00e9alis\u00e9 en bois massif, ce lit se distingue par sa solidit\u00e9 et sa durabilit\u00e9.<\/p>\n<p>Son design bas donne une sensation de l\u00e9g\u00e8ret\u00e9 et d\u2019ouverture \u00e0 la pi\u00e8ce, permettant d\u2019optimiser les espaces m\u00eame dans les petites pi\u00e8ces. Gr\u00e2ce \u00e0 l\u2019absence de t\u00eates et de pieds imposants, le lit \u00ab\u00a0Box\u00a0\u00bb s\u2019int\u00e8gre parfaitement dans tout style de d\u00e9coration.<\/p>\n<p>Les quelques pi\u00e8ces m\u00e9talliques utilis\u00e9es sont discr\u00e8tes et bien cach\u00e9es, assurant une stabilit\u00e9 maximale sans perturber l\u2019esth\u00e9tique du bois massif. Le lit \u00ab\u00a0Box\u00a0\u00bb offre un confort optimal gr\u00e2ce \u00e0 un solide sommier \u00e0 lattes qui garantit un soutien correct du matelas et une r\u00e9partition uniforme du poids corporel.<\/p>\n<p>Easy to assemble and disassemble, the bed \u00ab\u00a0Box\u00a0\u00bb can be moved effortlessly in case of renovations or changes in the arrangement of the room. De plus, le choix du bois massif donne au lit un caract\u00e8re unique et durable.<\/p>\n<p>Inoltre, la scelta del legno massiccio conferisce al letto un carattere unico e duraturo.<\/p>\n<p>Choisissez le lit \u00ab\u00a0Box\u00a0\u00bb pour une solution peu encombrante au design \u00e9l\u00e9gant et fonctionnel, id\u00e9al pour profiter au maximum de l\u2019espace disponible dans votre chambre.<\/p>\n<p><strong>ACHAT DU LIT DE RANGEMENT <\/strong><\/p>\n<p><strong>Il est n\u00e9cessaire de signaler le poids du matelas, en cas de non achat contextuel sur shopcinius.com, pour permettre la fourniture du m\u00e9canisme de puissance ad\u00e9quate. En cas de non-communication, les frais de remplacement seront \u00e0 la charge du client. <\/strong><\/p>\n","protected":false},"featured_media":8259,"comment_status":"open","ping_status":"closed","template":"","meta":[],"product_brand":[],"product_cat":[128,241],"product_tag":[106],"class_list":{"0":"post-3928","1":"product","2":"type-product","3":"status-publish","4":"has-post-thumbnail","6":"product_cat-lits","7":"product_cat-lits-dappoint","8":"product_tag-commencant-par","9":"product_shipping_class-classe-c-fr","11":"first","12":"onbackorder","13":"taxable","14":"shipping-taxable","15":"purchasable","16":"product-type-simple"},"acf":[],"_links":{"self":[{"href":"https:\/\/shopcinius.com\/fr\/wp-json\/wp\/v2\/product\/3928","targetHints":{"allow":["GET"]}}],"collection":[{"href":"https:\/\/shopcinius.com\/fr\/wp-json\/wp\/v2\/product"}],"about":[{"href":"https:\/\/shopcinius.com\/fr\/wp-json\/wp\/v2\/types\/product"}],"replies":[{"embeddable":true,"href":"https:\/\/shopcinius.com\/fr\/wp-json\/wp\/v2\/comments?post=3928"}],"wp:featuredmedia":[{"embeddable":true,"href":"https:\/\/shopcinius.com\/fr\/wp-json\/wp\/v2\/media\/8259"}],"wp:attachment":[{"href":"https:\/\/shopcinius.com\/fr\/wp-json\/wp\/v2\/media?parent=3928"}],"wp:term":[{"taxonomy":"product_brand","embeddable":true,"href":"https:\/\/shopcinius.com\/fr\/wp-json\/wp\/v2\/product_brand?post=3928"},{"taxonomy":"product_cat","embeddable":true,"href":"https:\/\/shopcinius.com\/fr\/wp-json\/wp\/v2\/product_cat?post=3928"},{"taxonomy":"product_tag","embeddable":true,"href":"https:\/\/shopcinius.com\/fr\/wp-json\/wp\/v2\/product_tag?post=3928"}],"curies":[{"name":"wp","href":"https:\/\/api.w.org\/{rel}","templated":true}]}}