{"id":3932,"date":"2022-04-22T12:55:01","date_gmt":"2022-04-22T10:55:01","guid":{"rendered":"https:\/\/shopcinius.com\/prodotti\/non%20class\u00e9\/grand-rollo-dans-livraie-de-sarrasin\/"},"modified":"2022-10-27T11:23:04","modified_gmt":"2022-10-27T09:23:04","slug":"rollo-grand-dans-livraie-de-sarrasin","status":"publish","type":"product","link":"https:\/\/shopcinius.com\/fr\/produits\/objets\/lits-a-rouleaux-anatomiques\/rollo-grand-dans-livraie-de-sarrasin\/","title":{"rendered":"Grand Roll\u00f2 dans l\u2019ivraie de sarrasin"},"content":{"rendered":"<p>Grand Roll\u00f2 dans l&rsquo;ivraie de sarrasin pour soulager les douleurs cervicales. Le soutien naturel aide les muscles du cou \u00e0 rel\u00e2cher les tensions accumul\u00e9es pendant la journ\u00e9e. Convient aussi bien pour la relaxation que pour le sommeil de nuit.<\/p>\n<p>Mesures : cm 44 x diam. 13<\/p>\n<p>(Information du consommateur : produit fabriqu\u00e9 dans l&rsquo;UE)<\/p>\n","protected":false},"excerpt":{"rendered":"<p>Grand Roll\u00f2 dans l&rsquo;ivraie de sarrasin.<br \/>\nDiam\u00e8tre 13 cm.<\/p>\n","protected":false},"featured_media":1906,"comment_status":"closed","ping_status":"closed","template":"","meta":[],"product_brand":[],"product_cat":[140],"product_tag":[],"class_list":{"0":"post-3932","1":"product","2":"type-product","3":"status-publish","4":"has-post-thumbnail","6":"product_cat-lits-a-rouleaux-anatomiques","7":"product_shipping_class-classe-h-fr","9":"first","10":"outofstock","11":"taxable","12":"shipping-taxable","13":"purchasable","14":"product-type-variable"},"acf":[],"_links":{"self":[{"href":"https:\/\/shopcinius.com\/fr\/wp-json\/wp\/v2\/product\/3932","targetHints":{"allow":["GET"]}}],"collection":[{"href":"https:\/\/shopcinius.com\/fr\/wp-json\/wp\/v2\/product"}],"about":[{"href":"https:\/\/shopcinius.com\/fr\/wp-json\/wp\/v2\/types\/product"}],"replies":[{"embeddable":true,"href":"https:\/\/shopcinius.com\/fr\/wp-json\/wp\/v2\/comments?post=3932"}],"wp:featuredmedia":[{"embeddable":true,"href":"https:\/\/shopcinius.com\/fr\/wp-json\/wp\/v2\/media\/1906"}],"wp:attachment":[{"href":"https:\/\/shopcinius.com\/fr\/wp-json\/wp\/v2\/media?parent=3932"}],"wp:term":[{"taxonomy":"product_brand","embeddable":true,"href":"https:\/\/shopcinius.com\/fr\/wp-json\/wp\/v2\/product_brand?post=3932"},{"taxonomy":"product_cat","embeddable":true,"href":"https:\/\/shopcinius.com\/fr\/wp-json\/wp\/v2\/product_cat?post=3932"},{"taxonomy":"product_tag","embeddable":true,"href":"https:\/\/shopcinius.com\/fr\/wp-json\/wp\/v2\/product_tag?post=3932"}],"curies":[{"name":"wp","href":"https:\/\/api.w.org\/{rel}","templated":true}]}}