{"id":3935,"date":"2022-01-30T20:20:12","date_gmt":"2022-01-30T19:20:12","guid":{"rendered":"https:\/\/shopcinius.com\/prodotti\/non class\u00e9\/lit-peu-encombrant-libroletto\/"},"modified":"2022-10-27T11:29:42","modified_gmt":"2022-10-27T09:29:42","slug":"lit-peu-encombrant-libroletto","status":"publish","type":"product","link":"https:\/\/shopcinius.com\/fr\/produits\/lits\/lit-peu-encombrant-libroletto\/","title":{"rendered":"Lit peu encombrant Libroletto"},"content":{"rendered":"<p>Lit peu encombrant en bois de h\u00eatre massif lamell\u00e9. Disponible en bois naturel ou en diff\u00e9rentes couleurs. Filet \u00e9l\u00e9vateur \u00e0 pistons (sur demande) T\u00eate de lit recommand\u00e9e : \u00ab\u00a0T\u00eate de lit Aiki\u00a0\u00bb avec portes coulissantes. Si elle est plac\u00e9e pr\u00e8s du mur, elle peut \u00eatre combin\u00e9e avec la &lsquo;t\u00eate de lit Futon&rsquo;, qui est fix\u00e9e au mur par deux crochets en laiton. La \u00ab\u00a0t\u00eate de lit Futon\u00a0\u00bb est tapiss\u00e9e de pur coton, avec une housse amovible, disponible en plusieurs couleurs, avec ou sans id\u00e9ogramme. T\u00eate de lit recommand\u00e9e : \u00ab\u00a0T\u00eate de lit Aiki\u00a0\u00bb avec portes coulissantes en h\u00eatre massif stratifi\u00e9. Trait\u00e9s sur demande avec des huiles d&rsquo;impr\u00e9gnation naturelles. \u00c9galement disponible sur mesure.<\/p>\n","protected":false},"excerpt":{"rendered":"<p>Le Libroletto est un lit en bois qui est aussi une biblioth\u00e8que : caract\u00e9ris\u00e9 par une structure qui sert de rayonnage porte-objets, c\u2019est un gain de place adapt\u00e9 aussi bien \u00e0 l\u2019ameublement contemporain qu\u2019\u00e0 l\u2019ameublement traditionnel. Il est \u00e9galement pr\u00e9vu pour accueillir un sommier \u00e0 pistons, devenant ainsi un lit de rangement. La grande surface p\u00e9rim\u00e9trique souligne la beaut\u00e9 du bois massif de h\u00eatre lamell\u00e9. Nous recommandons la combinaison avec la \u00ab\u00a0T\u00eate de Lit Aiki\u00a0\u00bb avec des portes coulissantes, \u00e9galement en bois de h\u00eatre.<\/p>\n","protected":false},"featured_media":7832,"comment_status":"open","ping_status":"closed","template":"","meta":[],"product_brand":[],"product_cat":[128],"product_tag":[106],"class_list":{"0":"post-3935","1":"product","2":"type-product","3":"status-publish","4":"has-post-thumbnail","6":"product_cat-lits","7":"product_tag-commencant-par","8":"product_shipping_class-classe-a-fr-2","10":"first","11":"onbackorder","12":"taxable","13":"shipping-taxable","14":"purchasable","15":"product-type-simple"},"acf":[],"_links":{"self":[{"href":"https:\/\/shopcinius.com\/fr\/wp-json\/wp\/v2\/product\/3935","targetHints":{"allow":["GET"]}}],"collection":[{"href":"https:\/\/shopcinius.com\/fr\/wp-json\/wp\/v2\/product"}],"about":[{"href":"https:\/\/shopcinius.com\/fr\/wp-json\/wp\/v2\/types\/product"}],"replies":[{"embeddable":true,"href":"https:\/\/shopcinius.com\/fr\/wp-json\/wp\/v2\/comments?post=3935"}],"wp:featuredmedia":[{"embeddable":true,"href":"https:\/\/shopcinius.com\/fr\/wp-json\/wp\/v2\/media\/7832"}],"wp:attachment":[{"href":"https:\/\/shopcinius.com\/fr\/wp-json\/wp\/v2\/media?parent=3935"}],"wp:term":[{"taxonomy":"product_brand","embeddable":true,"href":"https:\/\/shopcinius.com\/fr\/wp-json\/wp\/v2\/product_brand?post=3935"},{"taxonomy":"product_cat","embeddable":true,"href":"https:\/\/shopcinius.com\/fr\/wp-json\/wp\/v2\/product_cat?post=3935"},{"taxonomy":"product_tag","embeddable":true,"href":"https:\/\/shopcinius.com\/fr\/wp-json\/wp\/v2\/product_tag?post=3935"}],"curies":[{"name":"wp","href":"https:\/\/api.w.org\/{rel}","templated":true}]}}