{"id":3936,"date":"2022-04-22T12:53:47","date_gmt":"2022-04-22T10:53:47","guid":{"rendered":"https:\/\/shopcinius.com\/prodotti\/non class\u00e9\/anatomique-rollo-loik\/"},"modified":"2022-10-27T11:30:58","modified_gmt":"2022-10-27T09:30:58","slug":"rollo-anatomique-loik","status":"publish","type":"product","link":"https:\/\/shopcinius.com\/fr\/produits\/objets\/lits-a-rouleaux-anatomiques\/rollo-anatomique-loik\/","title":{"rendered":"Anatomique roll\u00f2 LOIK"},"content":{"rendered":"<p>Loik (anatomique) dans l&rsquo;ivraie de sarrasin pour soulager les douleurs cervicales. Le soutien naturel aide les muscles du cou \u00e0 rel\u00e2cher les tensions accumul\u00e9es pendant la journ\u00e9e. Convient aussi bien pour la relaxation que pour le sommeil de nuit.<\/p>\n<p>(Information du consommateur : produit fabriqu\u00e9 dans l&rsquo;UE)<\/p>\n","protected":false},"excerpt":{"rendered":"<p>Loik (anatomique) dans l&rsquo;ivraie de sarrasin.<\/p>\n","protected":false},"featured_media":1902,"comment_status":"closed","ping_status":"closed","template":"","meta":[],"product_brand":[],"product_cat":[140],"product_tag":[],"class_list":{"0":"post-3936","1":"product","2":"type-product","3":"status-publish","4":"has-post-thumbnail","6":"product_cat-lits-a-rouleaux-anatomiques","7":"product_shipping_class-classe-h-fr","9":"first","10":"outofstock","11":"taxable","12":"shipping-taxable","13":"purchasable","14":"product-type-variable"},"acf":[],"_links":{"self":[{"href":"https:\/\/shopcinius.com\/fr\/wp-json\/wp\/v2\/product\/3936","targetHints":{"allow":["GET"]}}],"collection":[{"href":"https:\/\/shopcinius.com\/fr\/wp-json\/wp\/v2\/product"}],"about":[{"href":"https:\/\/shopcinius.com\/fr\/wp-json\/wp\/v2\/types\/product"}],"replies":[{"embeddable":true,"href":"https:\/\/shopcinius.com\/fr\/wp-json\/wp\/v2\/comments?post=3936"}],"wp:featuredmedia":[{"embeddable":true,"href":"https:\/\/shopcinius.com\/fr\/wp-json\/wp\/v2\/media\/1902"}],"wp:attachment":[{"href":"https:\/\/shopcinius.com\/fr\/wp-json\/wp\/v2\/media?parent=3936"}],"wp:term":[{"taxonomy":"product_brand","embeddable":true,"href":"https:\/\/shopcinius.com\/fr\/wp-json\/wp\/v2\/product_brand?post=3936"},{"taxonomy":"product_cat","embeddable":true,"href":"https:\/\/shopcinius.com\/fr\/wp-json\/wp\/v2\/product_cat?post=3936"},{"taxonomy":"product_tag","embeddable":true,"href":"https:\/\/shopcinius.com\/fr\/wp-json\/wp\/v2\/product_tag?post=3936"}],"curies":[{"name":"wp","href":"https:\/\/api.w.org\/{rel}","templated":true}]}}