{"id":3938,"date":"2022-01-30T20:20:13","date_gmt":"2022-01-30T20:20:13","guid":{"rendered":"https:\/\/shopcinius.com\/prodotti\/non%20class\u00e9\/lit-peu-encombrant-box-up\/"},"modified":"2023-11-06T18:09:28","modified_gmt":"2023-11-06T17:09:28","slug":"lit-gain-de-place-box-up","status":"publish","type":"product","link":"https:\/\/shopcinius.com\/fr\/produits\/lits-dappoint\/lit-gain-de-place-box-up\/","title":{"rendered":"Lit peu encombrant Box Up"},"content":{"rendered":"<p>Le filet de levage se ferme sous le m\u00eame poids que le matelas et n\u00e9cessite un effort minimal; si vous avez l\u2019intention d\u2019utiliser un matelas de propri\u00e9t\u00e9, Il est n\u00e9cessaire d\u2019en \u00e9valuer le poids et les mesures afin de v\u00e9rifier sa compatibilit\u00e9 avec la structure et les sommiers standard du Lit Box Up. Le Lit Box Up est vendu enti\u00e8rement d\u00e9mont\u00e9 pour faciliter le transport; sur demande, le filet relevable peut \u00e9galement \u00eatre exp\u00e9di\u00e9 d\u00e9mont\u00e9. Le Lit Box Up est adapt\u00e9 pour une utilisation avec des filets d\u00e9roulables et peut \u00eatre personnalis\u00e9 en hauteur jusqu\u2019\u00e0 un maximum de 50cm. Le lit Box Up est \u00e9galement personnalisable dans le style :<br \/>\nversion standard avec ar\u00eate coup\u00e9e;<br \/>\nversion biseaut\u00e9e \u00e0 ar\u00eate douce;<br \/>\nVersion Box sans pieds en bois.<br \/>\nLit peu encombrant en bois massif de h\u00eatre lamell\u00e9-coll\u00e9 avec filet relevable \u00e0 pistons;<br \/>\nDisponible en bois brut ou en diff\u00e9rentes couleurs;<br \/>\nSi elle est plac\u00e9e pr\u00e8s du mur, elle peut \u00eatre combin\u00e9e avec la &lsquo;t\u00eate de lit Futon&rsquo;, qui est fix\u00e9e au mur par deux crochets en laiton. La \u00ab\u00a0t\u00eate de lit Futon\u00a0\u00bb est tapiss\u00e9e de pur coton, avec une housse amovible, disponible en plusieurs couleurs, avec ou sans id\u00e9ogramme;<br \/>\nDisponible en version Lit Boxup avec pieds en bois;<br \/>\nTrait\u00e9s sur demande avec des huiles d&rsquo;impr\u00e9gnation naturelles;<br \/>\n\u00c9galement disponible sur mesure.<\/p>\n<p><em><strong><span style=\"color: #333333;\"> Il est n\u00e9cessaire de signaler le poids du matelas, en cas de non achat contextuel sur shopcinius.com, pour permettre la fourniture du m\u00e9canisme de puissance ad\u00e9quate. En cas de non communication les frais de remplacement seront \u00e0 la charge du client<\/span><\/strong><\/em><\/p>\n","protected":false},"excerpt":{"rendered":"<p>Variante du Lit Box, le Lit Box Up est un gain de place avec sommier \u00e0 lattes relevables en bois avec syst\u00e8me de pistons pneumatiques et <strong>pieds en bois<\/strong>. Un gain de place parfait pour un d\u00e9cor contemporain, la Box est aussi un lit \u00e9cologique : les pi\u00e8ces m\u00e9talliques sont r\u00e9duites au minimum ! Cela en fait le lit de rangement id\u00e9al pour stocker des produits volumineux tels que des couvertures, des couettes et des oreillers (il est recommand\u00e9 d\u2019utiliser des r\u00e9cipients en plastique pour prot\u00e9ger les objets de la poussi\u00e8re).<\/p>\n<p>(  <em><strong><span style=\"color: #333333;\"> Il est n\u00e9cessaire de signaler le poids du matelas, en cas de non achat contextuel sur shopcinius.com, pour permettre la fourniture du m\u00e9canisme de puissance ad\u00e9quate. En cas de non communication, les frais de remplacement seront \u00e0 la charge du client. )<\/span><\/strong><\/em><\/p>\n","protected":false},"featured_media":8282,"comment_status":"open","ping_status":"closed","template":"","meta":[],"product_brand":[],"product_cat":[241,128],"product_tag":[106],"class_list":{"0":"post-3938","1":"product","2":"type-product","3":"status-publish","4":"has-post-thumbnail","6":"product_cat-lits-dappoint","7":"product_cat-lits","8":"product_tag-commencant-par","9":"product_shipping_class-classe-c-fr","11":"first","12":"onbackorder","13":"taxable","14":"shipping-taxable","15":"purchasable","16":"product-type-simple"},"acf":[],"_links":{"self":[{"href":"https:\/\/shopcinius.com\/fr\/wp-json\/wp\/v2\/product\/3938","targetHints":{"allow":["GET"]}}],"collection":[{"href":"https:\/\/shopcinius.com\/fr\/wp-json\/wp\/v2\/product"}],"about":[{"href":"https:\/\/shopcinius.com\/fr\/wp-json\/wp\/v2\/types\/product"}],"replies":[{"embeddable":true,"href":"https:\/\/shopcinius.com\/fr\/wp-json\/wp\/v2\/comments?post=3938"}],"wp:featuredmedia":[{"embeddable":true,"href":"https:\/\/shopcinius.com\/fr\/wp-json\/wp\/v2\/media\/8282"}],"wp:attachment":[{"href":"https:\/\/shopcinius.com\/fr\/wp-json\/wp\/v2\/media?parent=3938"}],"wp:term":[{"taxonomy":"product_brand","embeddable":true,"href":"https:\/\/shopcinius.com\/fr\/wp-json\/wp\/v2\/product_brand?post=3938"},{"taxonomy":"product_cat","embeddable":true,"href":"https:\/\/shopcinius.com\/fr\/wp-json\/wp\/v2\/product_cat?post=3938"},{"taxonomy":"product_tag","embeddable":true,"href":"https:\/\/shopcinius.com\/fr\/wp-json\/wp\/v2\/product_tag?post=3938"}],"curies":[{"name":"wp","href":"https:\/\/api.w.org\/{rel}","templated":true}]}}