{"id":3940,"date":"2022-01-30T20:20:13","date_gmt":"2022-01-30T20:20:13","guid":{"rendered":"https:\/\/shopcinius.com\/prodotti\/non%20class\u00e9\/lit-peu-encombrant-box-mo\/"},"modified":"2023-11-06T17:53:50","modified_gmt":"2023-11-06T16:53:50","slug":"lit-peu-encombrant-box-mo","status":"publish","type":"product","link":"https:\/\/shopcinius.com\/fr\/produits\/lits\/lit-peu-encombrant-box-mo\/","title":{"rendered":"Lit d\u2019\u00e9conomie d\u2019espace Box Mo &#8211; Coin Doux"},"content":{"rendered":"<p>Le Lit Box est vendu enti\u00e8rement d\u00e9mont\u00e9 pour faciliter son transport. Le Lit Box est adapt\u00e9 pour une utilisation avec des filets d\u00e9roulables et peut \u00eatre personnalis\u00e9 en hauteur jusqu\u2019\u00e0 un maximum de 50cm.<br \/>\nLe Lit Box est \u00e9galement personnalisable dans le style :<br \/>\nversion standard avec <a href=\"https:\/\/shopcinius.com\/fr\/?post_type=product&#038;p=6625\">ar\u00eate coup\u00e9e<\/a>;<br \/>\nversion \u00e0 ar\u00eate biseaut\u00e9e MO;<br \/>\n<a href=\"https:\/\/shopcinius.com\/fr\/produits\/lits\/lit-gain-de-place-box-up\/\">version Up avec pied sur\u00e9lev\u00e9.<\/a><br \/>\nDisponible en bois brut ou en diff\u00e9rentes couleurs;<br \/>\nLorsqu\u2019il est plac\u00e9 \u00e0 proximit\u00e9 du mur, il peut \u00eatre associ\u00e9 \u00e0 la t\u00eate de lit Futon, qui est fix\u00e9e au mur avec deux crochets en laiton;<br \/>\nLa t\u00eate de lit Futon est rembourr\u00e9e en pur coton, d\u00e9houssable, disponible en plusieurs couleurs, avec ou sans id\u00e9ogramme;<br \/>\nTrait\u00e9 sur demande avec des huiles d\u2019impr\u00e9gnation naturelles; \u00c9galement disponible sur mesure.<\/p>\n<p>Le filet de levage se ferme sous le m\u00eame poids que le matelas et n\u00e9cessite un effort minimal; si vous avez l\u2019intention d\u2019utiliser un matelas de propri\u00e9t\u00e9, Il est n\u00e9cessaire d\u2019en \u00e9valuer le poids et les mesures afin de v\u00e9rifier sa compatibilit\u00e9 avec la structure et les sommiers standard du Lit Box Up. (  <em><strong><span style=\"color: #333333;\"> Il est n\u00e9cessaire de signaler le poids du matelas, en cas de non achat contextuel sur shopcinius.com, pour permettre la fourniture du m\u00e9canisme de puissance ad\u00e9quate. En cas de non communication, les frais de remplacement seront \u00e0 la charge du client. )<\/span><\/strong><\/em><\/p>\n","protected":false},"excerpt":{"rendered":"<p>Le lit \u00ab\u00a0Box\u00a0\u00bb est une solution de design \u00e9l\u00e9gante et peu encombrante, id\u00e9ale pour ceux qui veulent un mobilier minimaliste et fonctionnel. Enti\u00e8rement r\u00e9alis\u00e9 en bois massif, ce lit se distingue par sa solidit\u00e9 et sa durabilit\u00e9.<\/p>\n<p>Son design bas donne une sensation de l\u00e9g\u00e8ret\u00e9 et d\u2019ouverture \u00e0 la pi\u00e8ce, permettant d\u2019optimiser les espaces m\u00eame dans les petites pi\u00e8ces. Gr\u00e2ce \u00e0 l\u2019absence de t\u00eates et de pieds imposants, le lit \u00ab\u00a0Box\u00a0\u00bb s\u2019int\u00e8gre parfaitement dans tout style de d\u00e9coration.<\/p>\n<p>Les quelques pi\u00e8ces m\u00e9talliques utilis\u00e9es sont discr\u00e8tes et bien cach\u00e9es, assurant une stabilit\u00e9 maximale sans perturber l\u2019esth\u00e9tique du bois massif. Le lit \u00ab\u00a0Box\u00a0\u00bb offre un confort optimal gr\u00e2ce \u00e0 un solide sommier \u00e0 lattes qui garantit un soutien correct du matelas et une r\u00e9partition uniforme du poids corporel.<\/p>\n<p>Facile \u00e0 monter et \u00e0 d\u00e9monter, le lit \u00ab\u00a0Box\u00a0\u00bb peut \u00eatre d\u00e9plac\u00e9 sans effort en cas de r\u00e9novation ou de changement de disposition de la pi\u00e8ce. De plus, le choix du bois massif donne au lit un caract\u00e8re unique et durable.<\/p>\n<p>Choisissez le lit \u00ab\u00a0Box\u00a0\u00bb pour une solution peu encombrante au design \u00e9l\u00e9gant et fonctionnel, id\u00e9al pour profiter au maximum de l\u2019espace disponible dans votre chambre.<\/p>\n<p>Le filet de levage se ferme sous le m\u00eame poids que le matelas et n\u00e9cessite un effort minimal; si vous avez l\u2019intention d\u2019utiliser un matelas de propri\u00e9t\u00e9, Il est n\u00e9cessaire d\u2019en \u00e9valuer le poids et les mesures afin de v\u00e9rifier sa compatibilit\u00e9 avec la structure et les sommiers standard du Lit Box Up. (  <em><strong><span style=\"color: #333333;\"> Il est n\u00e9cessaire de signaler le poids du matelas, en cas de non achat contextuel sur shopcinius.com, pour permettre la fourniture du m\u00e9canisme de puissance ad\u00e9quate. En cas de non communication, les frais de remplacement seront \u00e0 la charge du client. )<\/span><\/strong><\/em><\/p>\n","protected":false},"featured_media":8270,"comment_status":"open","ping_status":"closed","template":"","meta":[],"product_brand":[],"product_cat":[128],"product_tag":[106],"class_list":{"0":"post-3940","1":"product","2":"type-product","3":"status-publish","4":"has-post-thumbnail","6":"product_cat-lits","7":"product_tag-commencant-par","8":"product_shipping_class-classe-a-fr-2","10":"first","11":"onbackorder","12":"taxable","13":"shipping-taxable","14":"purchasable","15":"product-type-simple"},"acf":[],"_links":{"self":[{"href":"https:\/\/shopcinius.com\/fr\/wp-json\/wp\/v2\/product\/3940","targetHints":{"allow":["GET"]}}],"collection":[{"href":"https:\/\/shopcinius.com\/fr\/wp-json\/wp\/v2\/product"}],"about":[{"href":"https:\/\/shopcinius.com\/fr\/wp-json\/wp\/v2\/types\/product"}],"replies":[{"embeddable":true,"href":"https:\/\/shopcinius.com\/fr\/wp-json\/wp\/v2\/comments?post=3940"}],"wp:featuredmedia":[{"embeddable":true,"href":"https:\/\/shopcinius.com\/fr\/wp-json\/wp\/v2\/media\/8270"}],"wp:attachment":[{"href":"https:\/\/shopcinius.com\/fr\/wp-json\/wp\/v2\/media?parent=3940"}],"wp:term":[{"taxonomy":"product_brand","embeddable":true,"href":"https:\/\/shopcinius.com\/fr\/wp-json\/wp\/v2\/product_brand?post=3940"},{"taxonomy":"product_cat","embeddable":true,"href":"https:\/\/shopcinius.com\/fr\/wp-json\/wp\/v2\/product_cat?post=3940"},{"taxonomy":"product_tag","embeddable":true,"href":"https:\/\/shopcinius.com\/fr\/wp-json\/wp\/v2\/product_tag?post=3940"}],"curies":[{"name":"wp","href":"https:\/\/api.w.org\/{rel}","templated":true}]}}