{"id":3944,"date":"2022-04-22T12:02:15","date_gmt":"2022-04-22T10:02:15","guid":{"rendered":"https:\/\/shopcinius.com\/prodotti\/non class\u00e9\/spaziobed-avec-chambre\/"},"modified":"2022-10-27T11:58:39","modified_gmt":"2022-10-27T09:58:39","slug":"spaziobed-avec-chambre","status":"publish","type":"product","link":"https:\/\/shopcinius.com\/fr\/produits\/lits-a-faible-encombrement\/spaziobed-avec-chambre\/","title":{"rendered":"SPAZIOBED\u00ae avec chambre"},"content":{"rendered":"<p>Les lits peu encombrants <b>SpazioBed <\/b>sont les lits de rangement selon Cinius : un cadre haut en bois de h\u00eatre massif qui dissimule en dessous un grand compartiment peu encombrant. Le lit <b>SpazioBed avec chambre<\/b> ne se contente pas de d\u00e9passer la hauteur classique des lits de rangement standard, mais r\u00e9cup\u00e8re une pi\u00e8ce de la maison. Utilisons l&rsquo;espace sous le lit d&rsquo;une mani\u00e8re intelligente et pratique ! Les <b>portes coulissantes Shoji<\/b> coulissent sur des guides frais\u00e9s selon une technique japonaise qui garantit un effet d&rsquo;\u00e9tanch\u00e9it\u00e9 \u00e0 la poussi\u00e8re. Le lit SpazioBed avec chambre peut \u00eatre plac\u00e9 contre un mur, dans un coin de la pi\u00e8ce ou encastr\u00e9 dans une niche : le design peut \u00eatre personnalis\u00e9 au centim\u00e8tre pr\u00e8s. L&rsquo;espace sous le lit peut \u00e9galement \u00eatre enti\u00e8rement personnalis\u00e9, avec des tiroirs, des portes coulissantes, des chariots&#8230;<br \/>\nLes chariots glissent sur des roulettes unidirectionnelles de haute qualit\u00e9 (sans rails), id\u00e9ales pour les sols en c\u00e9ramique ou en parquet qui ne sont pas trop irr\u00e9guliers ; la moquette, en revanche, ne facilite pas le glissement des roulettes. Si le sol est tr\u00e8s irr\u00e9gulier, des roues suppl\u00e9mentaires peuvent \u00eatre fournies pour compenser les irr\u00e9gularit\u00e9s. Sur les c\u00f4t\u00e9s de chaque chariot, des panneaux en bois sont toujours pr\u00e9vus pour guider le glissement. La poign\u00e9e standard est en bois avec une forme trap\u00e9zo\u00efdale pour faciliter la pr\u00e9hension La profondeur des chariots doit \u00eatre d\u00e9cid\u00e9e en tenant compte de l&rsquo;espace libre devant les chariots pour les tirer. La profondeur maximale standard des chariots est de 140 cm, mais les chariots de moins de 90 cm sont recommand\u00e9s (les chariots de plus de 90 cm sont en effet lourds lorsqu&rsquo;ils sont remplis de v\u00eatements, et donc plus difficiles \u00e0 sortir). Une fois les chariots retir\u00e9s, il est possible d&rsquo;acc\u00e9der \u00e0 l&rsquo;espace vide sous le lit, qui peut \u00eatre utilis\u00e9 pour ranger les valises et autres objets encombrants tels que les oreillers, les tapis, les matelas pneumatiques, les matelas shiatsu, etc. La coque int\u00e9rieure des tiroirs est en contreplaqu\u00e9 de bouleau, id\u00e9al pour la stabilit\u00e9, tandis que la fa\u00e7ade et la coque ext\u00e9rieure sont en h\u00eatre lamell\u00e9 massif. Les poign\u00e9es peuvent \u00eatre : \u00e9troites au milieu \/ larges au milieu \/ larges avec un bord haut, elles sont en bois avec une forme sp\u00e9ciale qui les rend plus faciles \u00e0 saisir.<\/p>\n","protected":false},"excerpt":{"rendered":"<p>Les lits peu encombrants SpazioBed sont les lits de rangement selon Cinius : un cadre haut en bois de h\u00eatre massif qui dissimule en dessous un grand compartiment peu encombrant. Le lit SpazioBed avec chambre ne se contente pas de d\u00e9passer la hauteur classique des lits de rangement standard, mais r\u00e9cup\u00e8re une pi\u00e8ce de la [&hellip;]<\/p>\n","protected":false},"featured_media":4398,"comment_status":"closed","ping_status":"closed","template":"","meta":[],"product_brand":[],"product_cat":[76],"product_tag":[75,106,301],"class_list":{"0":"post-3944","1":"product","2":"type-product","3":"status-publish","4":"has-post-thumbnail","6":"product_cat-lits-a-faible-encombrement","7":"product_tag-sur-demande","8":"product_tag-commencant-par","9":"product_tag-sicurezza-fr","11":"first","12":"outofstock","13":"taxable","14":"shipping-taxable","15":"purchasable","16":"product-type-simple"},"acf":[],"_links":{"self":[{"href":"https:\/\/shopcinius.com\/fr\/wp-json\/wp\/v2\/product\/3944","targetHints":{"allow":["GET"]}}],"collection":[{"href":"https:\/\/shopcinius.com\/fr\/wp-json\/wp\/v2\/product"}],"about":[{"href":"https:\/\/shopcinius.com\/fr\/wp-json\/wp\/v2\/types\/product"}],"replies":[{"embeddable":true,"href":"https:\/\/shopcinius.com\/fr\/wp-json\/wp\/v2\/comments?post=3944"}],"wp:featuredmedia":[{"embeddable":true,"href":"https:\/\/shopcinius.com\/fr\/wp-json\/wp\/v2\/media\/4398"}],"wp:attachment":[{"href":"https:\/\/shopcinius.com\/fr\/wp-json\/wp\/v2\/media?parent=3944"}],"wp:term":[{"taxonomy":"product_brand","embeddable":true,"href":"https:\/\/shopcinius.com\/fr\/wp-json\/wp\/v2\/product_brand?post=3944"},{"taxonomy":"product_cat","embeddable":true,"href":"https:\/\/shopcinius.com\/fr\/wp-json\/wp\/v2\/product_cat?post=3944"},{"taxonomy":"product_tag","embeddable":true,"href":"https:\/\/shopcinius.com\/fr\/wp-json\/wp\/v2\/product_tag?post=3944"}],"curies":[{"name":"wp","href":"https:\/\/api.w.org\/{rel}","templated":true}]}}