{"id":3946,"date":"2022-01-30T20:20:14","date_gmt":"2022-01-30T20:20:14","guid":{"rendered":"https:\/\/shopcinius.com\/prodotti\/non class\u00e9\/canape-lit-luce-m\/"},"modified":"2022-10-27T12:02:06","modified_gmt":"2022-10-27T10:02:06","slug":"canape-lit-luce-m","status":"publish","type":"product","link":"https:\/\/shopcinius.com\/fr\/produits\/canapes-lits\/canape-lit-luce-m\/","title":{"rendered":"Canap\u00e9-lit Luce M"},"content":{"rendered":"","protected":false},"excerpt":{"rendered":"<p>Le <b>canap\u00e9-lit Luce<\/b> en <b>h\u00eatre massif lamell\u00e9<\/b> est con\u00e7u pour passer du mode \u00ab\u00a0canap\u00e9\u00a0\u00bb au mode \u00ab\u00a0lit fran\u00e7ais (140&#215;200 cm)\u00a0\u00bb d&rsquo;un simple geste, confortable et rapide<b>(ouverture \u00ab\u00a0pliante\u00a0\u00bb<\/b>).<br \/>\nC&rsquo;est un canap\u00e9 robuste et incassable, car nous avons <b>\u00e9limin\u00e9 tout m\u00e9canisme \u00e0 ressort<\/b> afin de r\u00e9duire l&rsquo;usure \u00e0 z\u00e9ro.<br \/>\nVous pouvez choisir parmi <b>quatre types d&rsquo;accoudoirs diff\u00e9rents<\/b> et le cadre est disponible en plusieurs couleurs.<br \/>\nLe futon propos\u00e9 a une \u00e9paisseur de 14 cm, \u00e9videmment en <b>100% coton<\/b> Cinius.<\/p>\n","protected":false},"featured_media":2937,"comment_status":"open","ping_status":"closed","template":"","meta":[],"product_brand":[],"product_cat":[78],"product_tag":[106],"class_list":{"0":"post-3946","1":"product","2":"type-product","3":"status-publish","4":"has-post-thumbnail","6":"product_cat-canapes-lits","7":"product_tag-commencant-par","8":"product_shipping_class-classe-c-fr","10":"first","11":"onbackorder","12":"sale","13":"taxable","14":"shipping-taxable","15":"purchasable","16":"product-type-simple"},"acf":[],"_links":{"self":[{"href":"https:\/\/shopcinius.com\/fr\/wp-json\/wp\/v2\/product\/3946","targetHints":{"allow":["GET"]}}],"collection":[{"href":"https:\/\/shopcinius.com\/fr\/wp-json\/wp\/v2\/product"}],"about":[{"href":"https:\/\/shopcinius.com\/fr\/wp-json\/wp\/v2\/types\/product"}],"replies":[{"embeddable":true,"href":"https:\/\/shopcinius.com\/fr\/wp-json\/wp\/v2\/comments?post=3946"}],"wp:featuredmedia":[{"embeddable":true,"href":"https:\/\/shopcinius.com\/fr\/wp-json\/wp\/v2\/media\/2937"}],"wp:attachment":[{"href":"https:\/\/shopcinius.com\/fr\/wp-json\/wp\/v2\/media?parent=3946"}],"wp:term":[{"taxonomy":"product_brand","embeddable":true,"href":"https:\/\/shopcinius.com\/fr\/wp-json\/wp\/v2\/product_brand?post=3946"},{"taxonomy":"product_cat","embeddable":true,"href":"https:\/\/shopcinius.com\/fr\/wp-json\/wp\/v2\/product_cat?post=3946"},{"taxonomy":"product_tag","embeddable":true,"href":"https:\/\/shopcinius.com\/fr\/wp-json\/wp\/v2\/product_tag?post=3946"}],"curies":[{"name":"wp","href":"https:\/\/api.w.org\/{rel}","templated":true}]}}