{"id":3953,"date":"2022-01-30T20:20:14","date_gmt":"2022-01-30T19:20:14","guid":{"rendered":"https:\/\/shopcinius.com\/prodotti\/non%20class\u00e9\/canape-lit-roma\/"},"modified":"2023-04-11T11:13:02","modified_gmt":"2023-04-11T09:13:02","slug":"canape-lit-roma","status":"publish","type":"product","link":"https:\/\/shopcinius.com\/fr\/produits\/canapes-lits\/canape-lit-roma\/","title":{"rendered":"Canap\u00e9-lit Roma"},"content":{"rendered":"","protected":false},"excerpt":{"rendered":"<p>Le canap\u00e9-lit Roma en bois de h\u00eatre massif lamin\u00e9 s&rsquo;ouvre en moins d&rsquo;une minute ! De plus, l&rsquo;absence de m\u00e9canismes \u00e0 ressort le rend pratiquement indestructible. Disponible en plusieurs tailles &#8211; du canap\u00e9-lit fran\u00e7ais (140\u00d7200 cm) au canap\u00e9-lit double &#8211; et avec un futon sugg\u00e9r\u00e9 de 11 cm d&rsquo;\u00e9paisseur, bien s\u00fbr 100% coton Cinius. Le large choix de couleurs et de rev\u00eatements en fait un canap\u00e9-lit parfait pour tous les salons !<\/p>\n","protected":false},"featured_media":865,"comment_status":"open","ping_status":"closed","template":"","meta":[],"product_brand":[],"product_cat":[78],"product_tag":[106],"class_list":{"0":"post-3953","1":"product","2":"type-product","3":"status-publish","4":"has-post-thumbnail","6":"product_cat-canapes-lits","7":"product_tag-commencant-par","8":"product_shipping_class-classe-c-fr","10":"first","11":"onbackorder","12":"sale","13":"taxable","14":"shipping-taxable","15":"purchasable","16":"product-type-simple"},"acf":[],"_links":{"self":[{"href":"https:\/\/shopcinius.com\/fr\/wp-json\/wp\/v2\/product\/3953","targetHints":{"allow":["GET"]}}],"collection":[{"href":"https:\/\/shopcinius.com\/fr\/wp-json\/wp\/v2\/product"}],"about":[{"href":"https:\/\/shopcinius.com\/fr\/wp-json\/wp\/v2\/types\/product"}],"replies":[{"embeddable":true,"href":"https:\/\/shopcinius.com\/fr\/wp-json\/wp\/v2\/comments?post=3953"}],"wp:featuredmedia":[{"embeddable":true,"href":"https:\/\/shopcinius.com\/fr\/wp-json\/wp\/v2\/media\/865"}],"wp:attachment":[{"href":"https:\/\/shopcinius.com\/fr\/wp-json\/wp\/v2\/media?parent=3953"}],"wp:term":[{"taxonomy":"product_brand","embeddable":true,"href":"https:\/\/shopcinius.com\/fr\/wp-json\/wp\/v2\/product_brand?post=3953"},{"taxonomy":"product_cat","embeddable":true,"href":"https:\/\/shopcinius.com\/fr\/wp-json\/wp\/v2\/product_cat?post=3953"},{"taxonomy":"product_tag","embeddable":true,"href":"https:\/\/shopcinius.com\/fr\/wp-json\/wp\/v2\/product_tag?post=3953"}],"curies":[{"name":"wp","href":"https:\/\/api.w.org\/{rel}","templated":true}]}}