{"id":3954,"date":"2022-04-22T11:45:46","date_gmt":"2022-04-22T09:45:46","guid":{"rendered":"https:\/\/shopcinius.com\/prodotti\/non class\u00e9\/spaziobed-avec-armoire\/"},"modified":"2022-10-27T12:12:53","modified_gmt":"2022-10-27T10:12:53","slug":"spaziobed-avec-armoire","status":"publish","type":"product","link":"https:\/\/shopcinius.com\/fr\/produits\/lits-a-faible-encombrement\/spaziobed-avec-armoire\/","title":{"rendered":"SPAZIOBED\u00ae avec armoire"},"content":{"rendered":"<h3>SpazioLit AVEC PORTES COULISSANTES ET CABINET<\/h3>\n<h4>La solution la moins ch\u00e8re<\/h4>\n<p>SpazioBed sont les lits de r\u00e9serve selon Cinius : ils se caract\u00e9risent par un cadre haut en h\u00eatre massif qui dissimule en dessous un grand compartiment \u00e9conomiseurs d&rsquo;espace.<br \/>\nLe lit Impero d\u00e9passe les normes classiques de hauteur du lit conteneur. Utilisons l&rsquo;espace sous le lit d&rsquo;une mani\u00e8re intelligente et pratique !<br \/>\nLes portes lat\u00e9rales coulissantes sont en bois ou en bois doubl\u00e9 \u00e0 la japonaise (Shoji) et glissent sur des guides frais\u00e9s selon une technique japonaise anti-poussi\u00e8re et anti-usure.<br \/>\nLes poign\u00e9es standard des portes coulissantes sont verticales, frais\u00e9es sur les c\u00f4t\u00e9s droit et gauche de chaque porte.<\/p>\n","protected":false},"excerpt":{"rendered":"<p>Les lits \u00e9conomiseurs d&rsquo;espace <b>SpazioBed<\/b> sont les lits de rangement selon Cinius : ils se caract\u00e9risent par un cadre haut en <b>h\u00eatre massif<\/b> qui dissimule <b>en dessous un grand compartiment \u00e9conomiseur d&rsquo;espace.<\/b><br \/>\nLe <b>SpazioBed<\/b> d\u00e9passe les normes classiques de hauteur des lits de conteneurs. Utilisons l&rsquo;espace sous le lit d&rsquo;une mani\u00e8re intelligente et pratique !<br \/>\nLes <b>portes lat\u00e9rales coulissantes sont en bois ou en bois doubl\u00e9 \u00e0 la japonaise (Shoji<\/b> ) et coulissent sur des guides frais\u00e9s selon une technique japonaise anti-poussi\u00e8re et anti-usure.<\/p>\n","protected":false},"featured_media":4401,"comment_status":"closed","ping_status":"closed","template":"","meta":[],"product_brand":[],"product_cat":[76],"product_tag":[75,106,301],"class_list":{"0":"post-3954","1":"product","2":"type-product","3":"status-publish","4":"has-post-thumbnail","6":"product_cat-lits-a-faible-encombrement","7":"product_tag-sur-demande","8":"product_tag-commencant-par","9":"product_tag-sicurezza-fr","11":"first","12":"outofstock","13":"taxable","14":"shipping-taxable","15":"purchasable","16":"product-type-simple"},"acf":[],"_links":{"self":[{"href":"https:\/\/shopcinius.com\/fr\/wp-json\/wp\/v2\/product\/3954","targetHints":{"allow":["GET"]}}],"collection":[{"href":"https:\/\/shopcinius.com\/fr\/wp-json\/wp\/v2\/product"}],"about":[{"href":"https:\/\/shopcinius.com\/fr\/wp-json\/wp\/v2\/types\/product"}],"replies":[{"embeddable":true,"href":"https:\/\/shopcinius.com\/fr\/wp-json\/wp\/v2\/comments?post=3954"}],"wp:featuredmedia":[{"embeddable":true,"href":"https:\/\/shopcinius.com\/fr\/wp-json\/wp\/v2\/media\/4401"}],"wp:attachment":[{"href":"https:\/\/shopcinius.com\/fr\/wp-json\/wp\/v2\/media?parent=3954"}],"wp:term":[{"taxonomy":"product_brand","embeddable":true,"href":"https:\/\/shopcinius.com\/fr\/wp-json\/wp\/v2\/product_brand?post=3954"},{"taxonomy":"product_cat","embeddable":true,"href":"https:\/\/shopcinius.com\/fr\/wp-json\/wp\/v2\/product_cat?post=3954"},{"taxonomy":"product_tag","embeddable":true,"href":"https:\/\/shopcinius.com\/fr\/wp-json\/wp\/v2\/product_tag?post=3954"}],"curies":[{"name":"wp","href":"https:\/\/api.w.org\/{rel}","templated":true}]}}