{"id":3957,"date":"2022-01-30T20:20:14","date_gmt":"2022-01-30T20:20:14","guid":{"rendered":"https:\/\/shopcinius.com\/prodotti\/non class\u00e9\/canape-lit-ops-avec-rollo\/"},"modified":"2022-10-27T12:17:58","modified_gmt":"2022-10-27T10:17:58","slug":"canape-lit-ops-avec-rollo","status":"publish","type":"product","link":"https:\/\/shopcinius.com\/fr\/produits\/canapes-lits\/canape-lit-ops-avec-rollo\/","title":{"rendered":"canap\u00e9-lit Ops avec roll\u00f2"},"content":{"rendered":"","protected":false},"excerpt":{"rendered":"<p>Le canap\u00e9-lit Ops est unique : il peut \u00eatre un canap\u00e9-lit double ou 2 lits simples ! Fabriqu\u00e9 en bois de h\u00eatre massif lamin\u00e9, le si\u00e8ge du canap\u00e9-lit Ops est compos\u00e9 &#8211; en mode \u00ab\u00a0canap\u00e9\u00a0\u00bb &#8211; de 2 futons empil\u00e9s (80 x 195 x 8,5 cm chacun) avec un double insert en latex. En outre, un arceau de s\u00e9curit\u00e9 de 190 cm est fourni. Le produit ne comprend pas de dossier, il doit donc \u00eatre plac\u00e9 contre le mur. L&rsquo;assise (Futon), les coussins et le dossier sont tous disponibles.<\/p>\n","protected":false},"featured_media":4247,"comment_status":"open","ping_status":"closed","template":"","meta":[],"product_brand":[],"product_cat":[78],"product_tag":[106],"class_list":{"0":"post-3957","1":"product","2":"type-product","3":"status-publish","4":"has-post-thumbnail","6":"product_cat-canapes-lits","7":"product_tag-commencant-par","8":"product_shipping_class-classe-c-fr","10":"first","11":"onbackorder","12":"taxable","13":"shipping-taxable","14":"purchasable","15":"product-type-simple"},"acf":[],"_links":{"self":[{"href":"https:\/\/shopcinius.com\/fr\/wp-json\/wp\/v2\/product\/3957","targetHints":{"allow":["GET"]}}],"collection":[{"href":"https:\/\/shopcinius.com\/fr\/wp-json\/wp\/v2\/product"}],"about":[{"href":"https:\/\/shopcinius.com\/fr\/wp-json\/wp\/v2\/types\/product"}],"replies":[{"embeddable":true,"href":"https:\/\/shopcinius.com\/fr\/wp-json\/wp\/v2\/comments?post=3957"}],"wp:featuredmedia":[{"embeddable":true,"href":"https:\/\/shopcinius.com\/fr\/wp-json\/wp\/v2\/media\/4247"}],"wp:attachment":[{"href":"https:\/\/shopcinius.com\/fr\/wp-json\/wp\/v2\/media?parent=3957"}],"wp:term":[{"taxonomy":"product_brand","embeddable":true,"href":"https:\/\/shopcinius.com\/fr\/wp-json\/wp\/v2\/product_brand?post=3957"},{"taxonomy":"product_cat","embeddable":true,"href":"https:\/\/shopcinius.com\/fr\/wp-json\/wp\/v2\/product_cat?post=3957"},{"taxonomy":"product_tag","embeddable":true,"href":"https:\/\/shopcinius.com\/fr\/wp-json\/wp\/v2\/product_tag?post=3957"}],"curies":[{"name":"wp","href":"https:\/\/api.w.org\/{rel}","templated":true}]}}