{"id":3960,"date":"2022-04-22T11:31:21","date_gmt":"2022-04-22T09:31:21","guid":{"rendered":"https:\/\/shopcinius.com\/prodotti\/non class\u00e9\/spaziobed-avec-chariots\/"},"modified":"2022-10-27T12:24:24","modified_gmt":"2022-10-27T10:24:24","slug":"spaziobed-avec-chariots","status":"publish","type":"product","link":"https:\/\/shopcinius.com\/fr\/produits\/lits-a-faible-encombrement\/spaziobed-avec-chariots\/","title":{"rendered":"SPAZIOBED\u00ae avec chariots"},"content":{"rendered":"<p>SpazioBed sont les lits de r\u00e9serve selon Cinius : un cadre haut en bois de h\u00eatre massif dissimule le grand compartiment peu encombrant situ\u00e9 en dessous.<br \/>\nLe lit Impero d\u00e9passe les normes classiques de hauteur des lits de rangement : un lit tr\u00e8s haut ne cr\u00e9e pas d&rsquo;encombrement particulier, est esth\u00e9tique et est compatible avec une large gamme de tiroirs coulissants de diff\u00e9rentes tailles.<br \/>\nUtilisons l&rsquo;espace sous le lit d&rsquo;une mani\u00e8re intelligente et pratique !<br \/>\nSpazioBed avec chariots coulissants est un gain de place imbattable, les chariots coulissants sont en fait une solution pratique \u00e9quivalente \u00e0 une armoire basse.<\/p>\n","protected":false},"excerpt":{"rendered":"<p>Les lits \u00e9conomiseurs d&rsquo;espace <b>SpazioBed<\/b> sont les lits de rangement selon Cinius : un cadre haut en <b>h\u00eatre massif<\/b> dissimule le grand <b>compartiment \u00e9conomiseur d&rsquo;espace situ\u00e9 en dessous<\/b>.<br \/>\nLe <b>SpazioBed<\/b> d\u00e9passe les normes classiques de hauteur des lits de r\u00e9serve : un lit tr\u00e8s haut ne cr\u00e9e pas d&rsquo;encombrement particulier, est esth\u00e9tique et est compatible avec une large gamme de tiroirs coulissants de diff\u00e9rentes tailles.<br \/>\nUtilisons l&rsquo;espace sous le lit d&rsquo;une mani\u00e8re intelligente et pratique !<br \/>\nLe lit SpazioBed avec chariots coulissants est un \u00e9conomiseur d\u2019espace imbattable, les chariots coulissants sont en fait une solution pratique \u00e9quivalente \u00e0 une <b>armoire basse<\/b>.<br \/>\nLa hauteur recommand\u00e9e est de 120 \/110 cm<\/p>\n","protected":false},"featured_media":4407,"comment_status":"closed","ping_status":"closed","template":"","meta":[],"product_brand":[],"product_cat":[76],"product_tag":[75,106,301],"class_list":{"0":"post-3960","1":"product","2":"type-product","3":"status-publish","4":"has-post-thumbnail","6":"product_cat-lits-a-faible-encombrement","7":"product_tag-sur-demande","8":"product_tag-commencant-par","9":"product_tag-sicurezza-fr","11":"first","12":"outofstock","13":"taxable","14":"shipping-taxable","15":"purchasable","16":"product-type-simple"},"acf":[],"_links":{"self":[{"href":"https:\/\/shopcinius.com\/fr\/wp-json\/wp\/v2\/product\/3960","targetHints":{"allow":["GET"]}}],"collection":[{"href":"https:\/\/shopcinius.com\/fr\/wp-json\/wp\/v2\/product"}],"about":[{"href":"https:\/\/shopcinius.com\/fr\/wp-json\/wp\/v2\/types\/product"}],"replies":[{"embeddable":true,"href":"https:\/\/shopcinius.com\/fr\/wp-json\/wp\/v2\/comments?post=3960"}],"wp:featuredmedia":[{"embeddable":true,"href":"https:\/\/shopcinius.com\/fr\/wp-json\/wp\/v2\/media\/4407"}],"wp:attachment":[{"href":"https:\/\/shopcinius.com\/fr\/wp-json\/wp\/v2\/media?parent=3960"}],"wp:term":[{"taxonomy":"product_brand","embeddable":true,"href":"https:\/\/shopcinius.com\/fr\/wp-json\/wp\/v2\/product_brand?post=3960"},{"taxonomy":"product_cat","embeddable":true,"href":"https:\/\/shopcinius.com\/fr\/wp-json\/wp\/v2\/product_cat?post=3960"},{"taxonomy":"product_tag","embeddable":true,"href":"https:\/\/shopcinius.com\/fr\/wp-json\/wp\/v2\/product_tag?post=3960"}],"curies":[{"name":"wp","href":"https:\/\/api.w.org\/{rel}","templated":true}]}}