{"id":3968,"date":"2022-01-30T20:20:15","date_gmt":"2022-01-30T20:20:15","guid":{"rendered":"https:\/\/shopcinius.com\/prodotti\/non class\u00e9\/canape-lit-timo\/"},"modified":"2022-10-27T12:36:06","modified_gmt":"2022-10-27T10:36:06","slug":"canape-lit-timo","status":"publish","type":"product","link":"https:\/\/shopcinius.com\/fr\/produits\/canapes-lits\/canape-lit-timo\/","title":{"rendered":"Canap\u00e9-lit Timo"},"content":{"rendered":"","protected":false},"excerpt":{"rendered":"<p>Le canap\u00e9-lit Timo est un canap\u00e9-lit de taille fran\u00e7aise (140\u00d7200 cm lorsqu&rsquo;il est ouvert) con\u00e7u pour se transformer d&rsquo;un geste simple, confortable et rapide (ouverture \u00ab\u00a0pliante\u00a0\u00bb). Le canap\u00e9-lit Timo est disponible en \u00e9pic\u00e9a ou en h\u00eatre massif stratifi\u00e9, dans les deux cas en diff\u00e9rentes couleurs.<\/p>\n","protected":false},"featured_media":4262,"comment_status":"open","ping_status":"closed","template":"","meta":[],"product_brand":[],"product_cat":[78],"product_tag":[106],"class_list":{"0":"post-3968","1":"product","2":"type-product","3":"status-publish","4":"has-post-thumbnail","6":"product_cat-canapes-lits","7":"product_tag-commencant-par","8":"product_shipping_class-classe-c-fr","10":"first","11":"onbackorder","12":"sale","13":"taxable","14":"shipping-taxable","15":"purchasable","16":"product-type-simple"},"acf":[],"_links":{"self":[{"href":"https:\/\/shopcinius.com\/fr\/wp-json\/wp\/v2\/product\/3968","targetHints":{"allow":["GET"]}}],"collection":[{"href":"https:\/\/shopcinius.com\/fr\/wp-json\/wp\/v2\/product"}],"about":[{"href":"https:\/\/shopcinius.com\/fr\/wp-json\/wp\/v2\/types\/product"}],"replies":[{"embeddable":true,"href":"https:\/\/shopcinius.com\/fr\/wp-json\/wp\/v2\/comments?post=3968"}],"wp:featuredmedia":[{"embeddable":true,"href":"https:\/\/shopcinius.com\/fr\/wp-json\/wp\/v2\/media\/4262"}],"wp:attachment":[{"href":"https:\/\/shopcinius.com\/fr\/wp-json\/wp\/v2\/media?parent=3968"}],"wp:term":[{"taxonomy":"product_brand","embeddable":true,"href":"https:\/\/shopcinius.com\/fr\/wp-json\/wp\/v2\/product_brand?post=3968"},{"taxonomy":"product_cat","embeddable":true,"href":"https:\/\/shopcinius.com\/fr\/wp-json\/wp\/v2\/product_cat?post=3968"},{"taxonomy":"product_tag","embeddable":true,"href":"https:\/\/shopcinius.com\/fr\/wp-json\/wp\/v2\/product_tag?post=3968"}],"curies":[{"name":"wp","href":"https:\/\/api.w.org\/{rel}","templated":true}]}}