{"id":3970,"date":"2022-01-30T20:20:15","date_gmt":"2022-01-30T20:20:15","guid":{"rendered":"https:\/\/shopcinius.com\/prodotti\/non class\u00e9\/canape-lit-toronto\/"},"modified":"2026-01-12T12:50:30","modified_gmt":"2026-01-12T11:50:30","slug":"canape-lit-toronto","status":"publish","type":"product","link":"https:\/\/shopcinius.com\/fr\/produits\/canapes-lits\/canape-lit-toronto\/","title":{"rendered":"Canap\u00e9-lit Toronto"},"content":{"rendered":"","protected":false},"excerpt":{"rendered":"<p>Toronto est un canap\u00e9-lit en pin massif scandinave avec des lattes en contreplaqu\u00e9 de bouleau : c&rsquo;est le premier canap\u00e9 con\u00e7u pour les futons. Malgr\u00e9 son apparence, il est tr\u00e8s robuste et fonctionne sans m\u00e9canisme mais avec des articulations simples. Disponible en plusieurs tailles &#8211; du fauteuil-lit au canap\u00e9-lit double &#8211; et avec un futon 100% coton inclus (11 cm d&rsquo;\u00e9paisseur), le canap\u00e9-lit Toronto permet 3 positions : canap\u00e9, chaise longue, lit. Le large choix de couleurs et de rev\u00eatements en fait un canap\u00e9-lit parfait pour tous les salons ! Le canap\u00e9-lit Toronto est livr\u00e9 d\u00e9mont\u00e9 dans de petits paquets faciles \u00e0 transporter.<\/p>\n","protected":false},"featured_media":4265,"comment_status":"open","ping_status":"closed","template":"","meta":[],"product_brand":[],"product_cat":[78],"product_tag":[106],"class_list":{"0":"post-3970","1":"product","2":"type-product","3":"status-publish","4":"has-post-thumbnail","6":"product_cat-canapes-lits","7":"product_tag-commencant-par","8":"product_shipping_class-classe-c-fr","10":"first","11":"onbackorder","12":"sale","13":"taxable","14":"shipping-taxable","15":"purchasable","16":"product-type-simple"},"acf":[],"_links":{"self":[{"href":"https:\/\/shopcinius.com\/fr\/wp-json\/wp\/v2\/product\/3970","targetHints":{"allow":["GET"]}}],"collection":[{"href":"https:\/\/shopcinius.com\/fr\/wp-json\/wp\/v2\/product"}],"about":[{"href":"https:\/\/shopcinius.com\/fr\/wp-json\/wp\/v2\/types\/product"}],"replies":[{"embeddable":true,"href":"https:\/\/shopcinius.com\/fr\/wp-json\/wp\/v2\/comments?post=3970"}],"wp:featuredmedia":[{"embeddable":true,"href":"https:\/\/shopcinius.com\/fr\/wp-json\/wp\/v2\/media\/4265"}],"wp:attachment":[{"href":"https:\/\/shopcinius.com\/fr\/wp-json\/wp\/v2\/media?parent=3970"}],"wp:term":[{"taxonomy":"product_brand","embeddable":true,"href":"https:\/\/shopcinius.com\/fr\/wp-json\/wp\/v2\/product_brand?post=3970"},{"taxonomy":"product_cat","embeddable":true,"href":"https:\/\/shopcinius.com\/fr\/wp-json\/wp\/v2\/product_cat?post=3970"},{"taxonomy":"product_tag","embeddable":true,"href":"https:\/\/shopcinius.com\/fr\/wp-json\/wp\/v2\/product_tag?post=3970"}],"curies":[{"name":"wp","href":"https:\/\/api.w.org\/{rel}","templated":true}]}}