{"id":3973,"date":"2022-01-30T20:20:15","date_gmt":"2022-01-30T20:20:15","guid":{"rendered":"https:\/\/shopcinius.com\/prodotti\/non class\u00e9\/canape-lit-sole-3-places\/"},"modified":"2022-10-27T12:45:58","modified_gmt":"2022-10-27T10:45:58","slug":"canape-lit-sole-3-places","status":"publish","type":"product","link":"https:\/\/shopcinius.com\/fr\/produits\/canapes-lits\/canape-lit-sole-3-places\/","title":{"rendered":"Canap\u00e9-lit Sole 3 places"},"content":{"rendered":"<p>Le canap\u00e9-lit Sole en bois de pin scandinave massif est disponible en 3 versions : <strong>Fauteuil : <\/strong>peut devenir un lit simple pour les enfants en inclinant simplement les accoudoirs. Avec 2 coussins ou un dossier rembourr\u00e9. <strong>Canap\u00e9 2 places<\/strong> (comme sur la photo) : peut devenir un lit simple (longueur 200 cm) en inclinant simplement les accoudoirs. Avec 4 coussins ou un dossier rembourr\u00e9.<br \/>\nLe canap\u00e9-lit Sole est compos\u00e9 d&rsquo;un futon 100 % coton avec un insert en latex (11 cm d&rsquo;\u00e9paisseur) et des coussins ou un dossier en coton rembourr\u00e9. La couleur standard est le weng\u00e9. Il est possible de demander le canap\u00e9-lit Sole &#8211; uniquement dans la version \u00ab\u00a02 places\u00a0\u00bb &#8211; \u00e9galement en bois naturel non trait\u00e9 dans diff\u00e9rentes couleurs, moyennant un suppl\u00e9ment. La disponibilit\u00e9 de canap\u00e9s naturels non trait\u00e9s est limit\u00e9e.<\/p>\n","protected":false},"excerpt":{"rendered":"<p>Le canap\u00e9-lit Sole est dot\u00e9 de pieds escamotables brevet\u00e9s cach\u00e9s dans les accoudoirs, qui s&rsquo;abaissent lorsque l&rsquo;accoudoir est inclin\u00e9. Cela garantit une s\u00e9curit\u00e9 maximale, m\u00eame lorsque vous \u00eates assis sur les accoudoirs ouverts !<\/p>\n","protected":false},"featured_media":7863,"comment_status":"open","ping_status":"closed","template":"","meta":[],"product_brand":[],"product_cat":[78],"product_tag":[106],"class_list":{"0":"post-3973","1":"product","2":"type-product","3":"status-publish","4":"has-post-thumbnail","6":"product_cat-canapes-lits","7":"product_tag-commencant-par","8":"product_shipping_class-classe-c-fr","10":"first","11":"onbackorder","12":"sale","13":"taxable","14":"shipping-taxable","15":"purchasable","16":"product-type-simple"},"acf":[],"_links":{"self":[{"href":"https:\/\/shopcinius.com\/fr\/wp-json\/wp\/v2\/product\/3973","targetHints":{"allow":["GET"]}}],"collection":[{"href":"https:\/\/shopcinius.com\/fr\/wp-json\/wp\/v2\/product"}],"about":[{"href":"https:\/\/shopcinius.com\/fr\/wp-json\/wp\/v2\/types\/product"}],"replies":[{"embeddable":true,"href":"https:\/\/shopcinius.com\/fr\/wp-json\/wp\/v2\/comments?post=3973"}],"wp:featuredmedia":[{"embeddable":true,"href":"https:\/\/shopcinius.com\/fr\/wp-json\/wp\/v2\/media\/7863"}],"wp:attachment":[{"href":"https:\/\/shopcinius.com\/fr\/wp-json\/wp\/v2\/media?parent=3973"}],"wp:term":[{"taxonomy":"product_brand","embeddable":true,"href":"https:\/\/shopcinius.com\/fr\/wp-json\/wp\/v2\/product_brand?post=3973"},{"taxonomy":"product_cat","embeddable":true,"href":"https:\/\/shopcinius.com\/fr\/wp-json\/wp\/v2\/product_cat?post=3973"},{"taxonomy":"product_tag","embeddable":true,"href":"https:\/\/shopcinius.com\/fr\/wp-json\/wp\/v2\/product_tag?post=3973"}],"curies":[{"name":"wp","href":"https:\/\/api.w.org\/{rel}","templated":true}]}}