{"id":4032,"date":"2022-02-27T17:03:07","date_gmt":"2022-02-27T16:03:07","guid":{"rendered":"https:\/\/shopcinius.com\/prodotti\/non%20class\u00e9\/matelas-double-160x200\/"},"modified":"2025-11-19T17:47:16","modified_gmt":"2025-11-19T16:47:16","slug":"matelas-double-160x200","status":"publish","type":"product","link":"https:\/\/shopcinius.com\/fr\/produits\/futons-et-matelas\/matelas-double-160x200\/","title":{"rendered":"Matelas Double 160&#215;200"},"content":{"rendered":"<div class=\"col-12 col-md-6\">\n<p>Le futon japonais original n&rsquo;\u00e9tait fait que de coton. Cependant, \u00e9tant donn\u00e9 qu&rsquo;en Occident nous n&rsquo;avons pas l&rsquo;habitude de nous rouler et de frapper le matelas fr\u00e9quemment, il arrive souvent que le futon devienne trop rigide. C&rsquo;est pourquoi nous produisons \u00e9galement des futons avec des inserts en latex appel\u00e9s \u00ab\u00a0Futon Lattice\u00a0\u00bb qui prolongent les performances orthop\u00e9diques du matelas en r\u00e9duisant la n\u00e9cessit\u00e9 de rouler et de plier le futon.<\/p>\n<p>Tous les Futons Cinius sont \u00e9quip\u00e9s d&rsquo;une fermeture \u00e9clair d&rsquo;inspection.<\/p>\n<p><strong>Entretien futon<\/strong><\/p>\n<p>Le futon est un matelas non d\u00e9houssable, donc toutes les taches doivent \u00eatre trait\u00e9es avec des d\u00e9tachants.<br \/>\nIl ne faut pas utiliser d\u2019eau ou de chiffons humides, car le rembourrage en coton contient des particules de feuilles qui, si elles sont mouill\u00e9es, pourraient teindre le tissu.<br \/>\nC\u2019est une bonne norme hygi\u00e9nique de passer p\u00e9riodiquement l\u2019aspirateur sur le futon.<br \/>\nLe futon doit \u00eatre tourn\u00e9 souvent dans les premiers mois d\u2019utilisation, pour permettre un lissage uniforme du coton.<br \/>\nPendant les p\u00e9riodes particuli\u00e8rement humides, \u00e0 l\u2019humidit\u00e9 naturelle \u00e9mise par notre corps s\u2019ajoute l\u2019humidit\u00e9 ambiante\u00a0: il est conseill\u00e9 de laisser les fen\u00eatres ouvertes et, si possible, de placer le matelas de sorte qu\u2019il prenne de l\u2019air des deux c\u00f4t\u00e9s.<br \/>\nSi le futon repose sur les tatamis, il est essentiel d\u2019\u00e9viter l\u2019accumulation d\u2019humidit\u00e9 entre eux\u00a0: il est conseill\u00e9 de laisser p\u00e9riodiquement le matelas enroul\u00e9 ou recueilli, surtout pendant les p\u00e9riodes humides.<\/p>\n<\/div>\n","protected":false},"excerpt":{"rendered":"<p>Les matelas FUTON <strong>Superior<\/strong> de Cinius sont compos\u00e9s de coton dispos\u00e9 en couches, et non en flocons. Le confort est assur\u00e9 par leur adaptabilit\u00e9 ; la douceur du coton respecte en effet les petites courbes de notre corps tout en restant suffisamment rigide pour soutenir correctement la colonne vert\u00e9brale, offrant ainsi un sommeil profond et r\u00e9parateur. Son int\u00e9rieur, purement en coton, \u00e9vite les probl\u00e8mes d&rsquo;allergies et garantit une excellente respirabilit\u00e9, procurant une agr\u00e9able sensation de fra\u00eecheur en \u00e9t\u00e9 et une excellente isolation en hiver.<\/p>\n","protected":false},"featured_media":4484,"comment_status":"closed","ping_status":"closed","template":"","meta":[],"product_brand":[],"product_cat":[126],"product_tag":[],"class_list":{"0":"post-4032","1":"product","2":"type-product","3":"status-publish","4":"has-post-thumbnail","6":"product_cat-futons-et-matelas","7":"product_shipping_class-classe-f-fr","9":"first","10":"instock","11":"taxable","12":"shipping-taxable","13":"purchasable","14":"product-type-variable"},"acf":[],"_links":{"self":[{"href":"https:\/\/shopcinius.com\/fr\/wp-json\/wp\/v2\/product\/4032","targetHints":{"allow":["GET"]}}],"collection":[{"href":"https:\/\/shopcinius.com\/fr\/wp-json\/wp\/v2\/product"}],"about":[{"href":"https:\/\/shopcinius.com\/fr\/wp-json\/wp\/v2\/types\/product"}],"replies":[{"embeddable":true,"href":"https:\/\/shopcinius.com\/fr\/wp-json\/wp\/v2\/comments?post=4032"}],"wp:featuredmedia":[{"embeddable":true,"href":"https:\/\/shopcinius.com\/fr\/wp-json\/wp\/v2\/media\/4484"}],"wp:attachment":[{"href":"https:\/\/shopcinius.com\/fr\/wp-json\/wp\/v2\/media?parent=4032"}],"wp:term":[{"taxonomy":"product_brand","embeddable":true,"href":"https:\/\/shopcinius.com\/fr\/wp-json\/wp\/v2\/product_brand?post=4032"},{"taxonomy":"product_cat","embeddable":true,"href":"https:\/\/shopcinius.com\/fr\/wp-json\/wp\/v2\/product_cat?post=4032"},{"taxonomy":"product_tag","embeddable":true,"href":"https:\/\/shopcinius.com\/fr\/wp-json\/wp\/v2\/product_tag?post=4032"}],"curies":[{"name":"wp","href":"https:\/\/api.w.org\/{rel}","templated":true}]}}