{"id":4077,"date":"2022-01-30T20:20:14","date_gmt":"2022-01-30T19:20:14","guid":{"rendered":"https:\/\/shopcinius.com\/prodotti\/non%20class\u00e9\/fauteuil-sole-avec-2-coussins\/"},"modified":"2022-12-07T15:46:12","modified_gmt":"2022-12-07T14:46:12","slug":"fauteuil-sole-avec-2-coussins","status":"publish","type":"product","link":"https:\/\/shopcinius.com\/fr\/produits\/canapes-lits\/fauteuil-sole-avec-2-coussins\/","title":{"rendered":"Fauteuil Sole"},"content":{"rendered":"<p>Le canap\u00e9-lit Sole est dot\u00e9 de pieds escamotables brevet\u00e9s cach\u00e9s dans les accoudoirs, qui s&rsquo;abaissent lorsque l&rsquo;accoudoir est inclin\u00e9. Cela garantit une s\u00e9curit\u00e9 maximale, m\u00eame lorsque vous \u00eates assis sur les accoudoirs ouverts !<\/p>\n","protected":false},"excerpt":{"rendered":"<p>Le canap\u00e9-lit Sole est dot\u00e9 de pieds escamotables brevet\u00e9s cach\u00e9s dans les accoudoirs, qui s&rsquo;abaissent lorsque l&rsquo;accoudoir est inclin\u00e9. Cela garantit une s\u00e9curit\u00e9 maximale, m\u00eame lorsque vous \u00eates assis sur les accoudoirs ouverts !<\/p>\n","protected":false},"featured_media":4156,"comment_status":"open","ping_status":"closed","template":"","meta":[],"product_brand":[],"product_cat":[78],"product_tag":[106],"class_list":{"0":"post-4077","1":"product","2":"type-product","3":"status-publish","4":"has-post-thumbnail","6":"product_cat-canapes-lits","7":"product_tag-commencant-par","8":"product_shipping_class-classe-c-fr","10":"first","11":"onbackorder","12":"taxable","13":"shipping-taxable","14":"purchasable","15":"product-type-simple"},"acf":[],"_links":{"self":[{"href":"https:\/\/shopcinius.com\/fr\/wp-json\/wp\/v2\/product\/4077","targetHints":{"allow":["GET"]}}],"collection":[{"href":"https:\/\/shopcinius.com\/fr\/wp-json\/wp\/v2\/product"}],"about":[{"href":"https:\/\/shopcinius.com\/fr\/wp-json\/wp\/v2\/types\/product"}],"replies":[{"embeddable":true,"href":"https:\/\/shopcinius.com\/fr\/wp-json\/wp\/v2\/comments?post=4077"}],"wp:featuredmedia":[{"embeddable":true,"href":"https:\/\/shopcinius.com\/fr\/wp-json\/wp\/v2\/media\/4156"}],"wp:attachment":[{"href":"https:\/\/shopcinius.com\/fr\/wp-json\/wp\/v2\/media?parent=4077"}],"wp:term":[{"taxonomy":"product_brand","embeddable":true,"href":"https:\/\/shopcinius.com\/fr\/wp-json\/wp\/v2\/product_brand?post=4077"},{"taxonomy":"product_cat","embeddable":true,"href":"https:\/\/shopcinius.com\/fr\/wp-json\/wp\/v2\/product_cat?post=4077"},{"taxonomy":"product_tag","embeddable":true,"href":"https:\/\/shopcinius.com\/fr\/wp-json\/wp\/v2\/product_tag?post=4077"}],"curies":[{"name":"wp","href":"https:\/\/api.w.org\/{rel}","templated":true}]}}