{"id":4082,"date":"2022-04-22T10:37:52","date_gmt":"2022-04-22T08:37:52","guid":{"rendered":"https:\/\/shopcinius.com\/prodotti\/non class\u00e9\/spaziobed-bibliotheque\/"},"modified":"2022-10-28T12:35:45","modified_gmt":"2022-10-28T10:35:45","slug":"spaziobed-bibliotheque","status":"publish","type":"product","link":"https:\/\/shopcinius.com\/fr\/produits\/lits-a-faible-encombrement\/spaziobed-bibliotheque\/","title":{"rendered":"SPAZIOBED\u00ae Biblioth\u00e8que"},"content":{"rendered":"<p><strong>Lit peu encombrant en bois de h\u00eatre<\/strong>, <strong>SpazioBed Biblioth\u00e8que <\/strong> est id\u00e9al pour ceux qui aiment s&rsquo;entourer de livres : la structure de SpazioBed LIBRERIA elle-m\u00eame est une <strong>Biblioth\u00e8que<\/strong>, tandis que l&rsquo;int\u00e9rieur du lit peut \u00eatre utilis\u00e9 comme <strong>compartiment de rangement<\/strong>.<br \/>\nLes \u00e9tag\u00e8res peuvent \u00eatre <strong>fabriqu\u00e9es sur mesure<\/strong>!<\/p>\n","protected":false},"excerpt":{"rendered":"<h3>Un projet enti\u00e8rement sur mesure<\/h3>\n<p>Il est possible de demander diverses modifications \u00e0 la structure du Lit Biblioth\u00e8que, y compris la personnalisation du nombre d\u2019\u00e9tag\u00e8res sur les c\u00f4t\u00e9s de la structure.<\/p>\n","protected":false},"featured_media":4170,"comment_status":"closed","ping_status":"closed","template":"","meta":[],"product_brand":[],"product_cat":[76],"product_tag":[75,106,301],"class_list":{"0":"post-4082","1":"product","2":"type-product","3":"status-publish","4":"has-post-thumbnail","6":"product_cat-lits-a-faible-encombrement","7":"product_tag-sur-demande","8":"product_tag-commencant-par","9":"product_tag-sicurezza-fr","11":"first","12":"outofstock","13":"taxable","14":"shipping-taxable","15":"purchasable","16":"product-type-simple"},"acf":[],"_links":{"self":[{"href":"https:\/\/shopcinius.com\/fr\/wp-json\/wp\/v2\/product\/4082","targetHints":{"allow":["GET"]}}],"collection":[{"href":"https:\/\/shopcinius.com\/fr\/wp-json\/wp\/v2\/product"}],"about":[{"href":"https:\/\/shopcinius.com\/fr\/wp-json\/wp\/v2\/types\/product"}],"replies":[{"embeddable":true,"href":"https:\/\/shopcinius.com\/fr\/wp-json\/wp\/v2\/comments?post=4082"}],"wp:featuredmedia":[{"embeddable":true,"href":"https:\/\/shopcinius.com\/fr\/wp-json\/wp\/v2\/media\/4170"}],"wp:attachment":[{"href":"https:\/\/shopcinius.com\/fr\/wp-json\/wp\/v2\/media?parent=4082"}],"wp:term":[{"taxonomy":"product_brand","embeddable":true,"href":"https:\/\/shopcinius.com\/fr\/wp-json\/wp\/v2\/product_brand?post=4082"},{"taxonomy":"product_cat","embeddable":true,"href":"https:\/\/shopcinius.com\/fr\/wp-json\/wp\/v2\/product_cat?post=4082"},{"taxonomy":"product_tag","embeddable":true,"href":"https:\/\/shopcinius.com\/fr\/wp-json\/wp\/v2\/product_tag?post=4082"}],"curies":[{"name":"wp","href":"https:\/\/api.w.org\/{rel}","templated":true}]}}