{"id":4084,"date":"2022-04-19T20:12:06","date_gmt":"2022-04-19T18:12:06","guid":{"rendered":"https:\/\/shopcinius.com\/prodotti\/non%20class\u00e9\/plate-forme-mezzanine-armoire\/"},"modified":"2022-10-28T13:14:31","modified_gmt":"2022-10-28T11:14:31","slug":"plate-forme-mezzanine-armoire","status":"publish","type":"product","link":"https:\/\/shopcinius.com\/fr\/produits\/lits-a-faible-encombrement\/plate-forme-mezzanine-armoire\/","title":{"rendered":"Plate-forme Mezzanine Armoire"},"content":{"rendered":"<h3>Plate-forme Mezzanine Armoire<\/h3>\n<h4>L\u2019\u00e9conomiseur d\u2019espace pour les plus petits s\u00e9jours<\/h4>\n<p>Le confort des \u00ab\u00a0Lits Impero\u00a0\u00bb va au-del\u00e0 des limites de la chambre \u00e0 coucher !<br \/>\nLe Plate-forme Mezzanine Armoire est con\u00e7u pour <b>mettre en valeur m\u00eame le plus petit salon<\/b>: les <b>chariots coulissants spacieux et peu encombrants<\/b> sont parfaits pour ranger les v\u00eatements, les bo\u00eetes, les nappes, la vaisselle et les casseroles !<br \/>\nEn fait, vous pouvez concevoir les chariots avec exactement autant d&rsquo;\u00e9tag\u00e8res que vous le souhaitez.<br \/>\nR\u00e9alis\u00e9 en <b>bois de h\u00eatre lamellaire massif<\/b>, il est <b>toujours<\/b> fabriqu\u00e9 sur mesure.<br \/>\nLe garde-corps est optionnel et disponible en plusieurs mod\u00e8les.<br \/>\nLes Tatami sont utilis\u00e9es comme supports de matelas :<\/p>\n<ul>\n<li>praticable;<\/li>\n<li>respirant ;<\/li>\n<li>isolants thermiques acoustiques<\/li>\n<li>facile \u00e0 nettoyer.<\/li>\n<\/ul>\n","protected":false},"excerpt":{"rendered":"<h3><b>L\u2019\u00c9CONOMISEUR DE L\u2019ESPACE POUR LES PETITS SALONS<\/b><\/h3>\n<p>Le Plate-forme Mezzanine Armoire est con\u00e7u pour mettre en valeur m\u00eame le plus petit salon : les chariots coulissants spacieux et peu encombrants sont parfaits pour ranger les v\u00eatements, les bo\u00eetes, les nappes, la vaisselle et les casseroles !<br \/>\nEn fait, vous pouvez concevoir les chariots avec exactement autant d&rsquo;\u00e9tag\u00e8res que vous le souhaitez.<br \/>\nR\u00e9alis\u00e9 en bois de h\u00eatre lamellaire massif, il est toujours fabriqu\u00e9 sur mesure.<br \/>\nLe garde-corps est optionnel et disponible en plusieurs mod\u00e8les.<\/p>\n","protected":false},"featured_media":4413,"comment_status":"closed","ping_status":"closed","template":"","meta":[],"product_brand":[],"product_cat":[76],"product_tag":[75,106],"class_list":{"0":"post-4084","1":"product","2":"type-product","3":"status-publish","4":"has-post-thumbnail","6":"product_cat-lits-a-faible-encombrement","7":"product_tag-sur-demande","8":"product_tag-commencant-par","10":"first","11":"outofstock","12":"taxable","13":"shipping-taxable","14":"product-type-simple"},"acf":[],"_links":{"self":[{"href":"https:\/\/shopcinius.com\/fr\/wp-json\/wp\/v2\/product\/4084","targetHints":{"allow":["GET"]}}],"collection":[{"href":"https:\/\/shopcinius.com\/fr\/wp-json\/wp\/v2\/product"}],"about":[{"href":"https:\/\/shopcinius.com\/fr\/wp-json\/wp\/v2\/types\/product"}],"replies":[{"embeddable":true,"href":"https:\/\/shopcinius.com\/fr\/wp-json\/wp\/v2\/comments?post=4084"}],"wp:featuredmedia":[{"embeddable":true,"href":"https:\/\/shopcinius.com\/fr\/wp-json\/wp\/v2\/media\/4413"}],"wp:attachment":[{"href":"https:\/\/shopcinius.com\/fr\/wp-json\/wp\/v2\/media?parent=4084"}],"wp:term":[{"taxonomy":"product_brand","embeddable":true,"href":"https:\/\/shopcinius.com\/fr\/wp-json\/wp\/v2\/product_brand?post=4084"},{"taxonomy":"product_cat","embeddable":true,"href":"https:\/\/shopcinius.com\/fr\/wp-json\/wp\/v2\/product_cat?post=4084"},{"taxonomy":"product_tag","embeddable":true,"href":"https:\/\/shopcinius.com\/fr\/wp-json\/wp\/v2\/product_tag?post=4084"}],"curies":[{"name":"wp","href":"https:\/\/api.w.org\/{rel}","templated":true}]}}