{"id":4086,"date":"2022-04-19T19:57:47","date_gmt":"2022-04-19T17:57:47","guid":{"rendered":"https:\/\/shopcinius.com\/prodotti\/non%20class\u00e9\/lit-economiseur-despace-yen\/"},"modified":"2022-11-28T17:05:16","modified_gmt":"2022-11-28T16:05:16","slug":"lit-economiseur-despace-yen","status":"publish","type":"product","link":"https:\/\/shopcinius.com\/fr\/produits\/lits-mezzanines\/lit-economiseur-despace-yen\/","title":{"rendered":"Lit \u00e9conomiseur d\u2019espace YEN"},"content":{"rendered":"<h3>lit mezzanine \u201cYen\u201d<\/h3>\n<h4>La mezzanine sur mesure \u00e0 hauteur fixe<\/h4>\n<p>Vous recherchez le <b>mezzanine en bois \u00e9conomiseur d\u2019espace<\/b> parfait pour votre studio?<br \/>\nVous voulez un <b>lit superpos\u00e9 pour vos enfants<\/b> mais vous ne voulez pas faire face \u00e0 des op\u00e9rations de ma\u00e7onnerie co\u00fbteuses et compliqu\u00e9es?<br \/>\nAvec les lits mezzanines de Cinius meubler la maison devient plus simple!<br \/>\nLe <b>Lit mezzanine Yen<\/b> est la meilleure solution pour les petites maisons et les studios : il peut \u00eatre install\u00e9 dans une chambre, mais c\u2019est aussi une id\u00e9e de mobilier peu encombrant pour le salon.<br \/>\nAvec sa structure l\u00e9g\u00e8re et naturelle <b>en bois de h\u00eatre lamell\u00e9<\/b>, il s\u2019adapte \u00e0 toutes les pi\u00e8ces gr\u00e2ce \u00e0 sa conception <b>toujours sur mesure<\/b>.<br \/>\nLe <b>lit mezzanine Yen<\/b> est recommand\u00e9 pour les chambres avec des <b>plafonds d\u2019au moins 320cm de haut<\/b> (sinon, nous recommandons le \u00ab\u00a0lit mezzanine Rising\u00a0\u00bb).<br \/>\nLe r\u00e9sultat est g\u00e9n\u00e9ralement un espace sous le <b>Lit mezzanine Yen<\/b> d\u2019environ <b>180\/200 cm<\/b>, avec une bande porteuse de 15cm.<br \/>\nLes Tatami sont utilis\u00e9es comme supports de matelas :<\/p>\n<ul>\n<li>praticable;<\/li>\n<li>respirant ;<\/li>\n<li>isolants thermiques acoustiques<\/li>\n<li>facile \u00e0 nettoyer.<\/li>\n<\/ul>\n","protected":false},"excerpt":{"rendered":"<h3><b>LA MEZZANINE SUR MESURE \u00c0 HAUTEUR FIXE<\/b><\/h3>\n<p>Vous recherchez le mezzanine en bois \u00e9conomiseur d\u2019espace parfait pour votre studio?<br \/>\nVous voulez un lit superpos\u00e9 pour vos enfants mais vous ne voulez pas faire face \u00e0 des op\u00e9rations de ma\u00e7onnerie co\u00fbteuses et compliqu\u00e9es?<br \/>\nAvec les lits mezzanines de Cinius meubler la maison devient plus simple!<\/p>\n<p><b>Le lit mezzanine Yen est la meilleure solution pour les petites maisons et les studios : il peut \u00eatre install\u00e9 dans une chambre, mais c\u2019est aussi une id\u00e9e de mobilier peu encombrant pour le salon.<br \/>\nAvec sa structure l\u00e9g\u00e8re et naturelle en bois de h\u00eatre lamell\u00e9, il s\u2019adapte \u00e0 toutes les pi\u00e8ces gr\u00e2ce \u00e0 sa conception toujours sur mesure.<\/b><\/p>\n","protected":false},"featured_media":1636,"comment_status":"closed","ping_status":"closed","template":"","meta":[],"product_brand":[],"product_cat":[132],"product_tag":[75],"class_list":{"0":"post-4086","1":"product","2":"type-product","3":"status-publish","4":"has-post-thumbnail","6":"product_cat-lits-mezzanines","7":"product_tag-sur-demande","9":"first","10":"outofstock","11":"taxable","12":"shipping-taxable","13":"product-type-simple"},"acf":[],"_links":{"self":[{"href":"https:\/\/shopcinius.com\/fr\/wp-json\/wp\/v2\/product\/4086","targetHints":{"allow":["GET"]}}],"collection":[{"href":"https:\/\/shopcinius.com\/fr\/wp-json\/wp\/v2\/product"}],"about":[{"href":"https:\/\/shopcinius.com\/fr\/wp-json\/wp\/v2\/types\/product"}],"replies":[{"embeddable":true,"href":"https:\/\/shopcinius.com\/fr\/wp-json\/wp\/v2\/comments?post=4086"}],"wp:featuredmedia":[{"embeddable":true,"href":"https:\/\/shopcinius.com\/fr\/wp-json\/wp\/v2\/media\/1636"}],"wp:attachment":[{"href":"https:\/\/shopcinius.com\/fr\/wp-json\/wp\/v2\/media?parent=4086"}],"wp:term":[{"taxonomy":"product_brand","embeddable":true,"href":"https:\/\/shopcinius.com\/fr\/wp-json\/wp\/v2\/product_brand?post=4086"},{"taxonomy":"product_cat","embeddable":true,"href":"https:\/\/shopcinius.com\/fr\/wp-json\/wp\/v2\/product_cat?post=4086"},{"taxonomy":"product_tag","embeddable":true,"href":"https:\/\/shopcinius.com\/fr\/wp-json\/wp\/v2\/product_tag?post=4086"}],"curies":[{"name":"wp","href":"https:\/\/api.w.org\/{rel}","templated":true}]}}