{"id":4088,"date":"2022-04-19T19:28:42","date_gmt":"2022-04-19T17:28:42","guid":{"rendered":"https:\/\/shopcinius.com\/prodotti\/non class\u00e9\/lit-economiseur-despace-rising\/"},"modified":"2022-10-28T16:21:34","modified_gmt":"2022-10-28T14:21:34","slug":"lit-economiseur-despace-rising","status":"publish","type":"product","link":"https:\/\/shopcinius.com\/fr\/produits\/lits-mezzanines\/lit-economiseur-despace-rising\/","title":{"rendered":"Lit \u00e9conomiseur d\u2019espace RISING"},"content":{"rendered":"<h3>Lit mezzanine \u201cRising\u201d: Chambre et salon dans la m\u00eame pi\u00e8ce<\/h3>\n<h4>Le seul lit mezzanine con\u00e7u pour ceux qui n\u2019ont pas de hauts plafonds.<\/h4>\n<p>Vous recherchez le <b>mezzanine en bois \u00e9conomiseur d\u2019espace<\/b> parfait pour votre studio?<br \/>\nVous voulez un <b>lit superpos\u00e9 pour vos enfants<\/b> mais vous ne voulez pas faire face \u00e0 des op\u00e9rations de ma\u00e7onnerie co\u00fbteuses et compliqu\u00e9es?<br \/>\nAvec les lits mezzanines de Cinius meubler la maison devient plus simple!<br \/>\nN\u00e9 pour ceux qui ont peu d\u2019espace disponible, le <b>lit mezzanine Rising<\/b> va au-del\u00e0 du simple gain de place : \u00e9tant <b>r\u00e9glable en hauteur \u00e9lectriquement<\/b>, vous avez libre acc\u00e8s \u00e0 la zone sous le lit lorsque celui-ci est soulev\u00e9.<br \/>\nIl s\u2019agit donc d\u2019un lit mezzanine id\u00e9al m\u00eame pour ceux <b>qui n\u2019ont pas de hauts plafonds.<\/b> Les colonnes vont du sol au plafond, donc le <b>lit mezzanine Rising<\/b> peut \u00eatre plac\u00e9 n\u2019importe o\u00f9 dans la pi\u00e8ce.<br \/>\nEn <b>bois de h\u00eatre lamell\u00e9<\/b>, il est fabriqu\u00e9 <b>sur mesure<\/b>.<br \/>\nLe <b>lit mezzanine Rising<\/b> est id\u00e9al pour les pi\u00e8ces avec des <b>plafonds de moins de 320cm de haut<\/b> (sinon, nous recommandons le \u00ab\u00a0lit mezzanine Yen\u00a0\u00bb).<br \/>\nLes Tatami sont utilis\u00e9es comme supports de matelas :<\/p>\n<ul>\n<li>praticable;<\/li>\n<li>respirant ;<\/li>\n<li>isolants thermiques acoustiques<\/li>\n<li>facile \u00e0 nettoyer.<\/li>\n<\/ul>\n","protected":false},"excerpt":{"rendered":"<h3><b>CHAMBRE ET SALON DANS LA M\u00caME CHAMBRE<\/b><\/h3>\n<p>Vous recherchez le mezzanine en bois \u00e9conomiseur d\u2019espace parfait pour votre studio?<br \/>\nVous voulez un lit superpos\u00e9 pour vos enfants mais vous ne voulez pas faire face \u00e0 des op\u00e9rations de ma\u00e7onnerie co\u00fbteuses et compliqu\u00e9es?<br \/>\nAvec les lits mezzanines de Cinius meubler la maison devient plus simple!<\/p>\n<p><b>N\u00e9 pour ceux qui ont peu d\u2019espace disponible, le lit mezzanine Rising va au-del\u00e0 du simple \u00e9conomiseur d\u2019espace: \u00e9tant r\u00e9glable en hauteur \u00e9lectriquement, vous avez libre acc\u00e8s \u00e0 la zone sous le lit lorsque celui-ci est soulev\u00e9.<\/b><\/p>\n","protected":false},"featured_media":1625,"comment_status":"closed","ping_status":"closed","template":"","meta":[],"product_brand":[],"product_cat":[132],"product_tag":[75],"class_list":{"0":"post-4088","1":"product","2":"type-product","3":"status-publish","4":"has-post-thumbnail","6":"product_cat-lits-mezzanines","7":"product_tag-sur-demande","9":"first","10":"outofstock","11":"taxable","12":"shipping-taxable","13":"product-type-simple"},"acf":[],"_links":{"self":[{"href":"https:\/\/shopcinius.com\/fr\/wp-json\/wp\/v2\/product\/4088","targetHints":{"allow":["GET"]}}],"collection":[{"href":"https:\/\/shopcinius.com\/fr\/wp-json\/wp\/v2\/product"}],"about":[{"href":"https:\/\/shopcinius.com\/fr\/wp-json\/wp\/v2\/types\/product"}],"replies":[{"embeddable":true,"href":"https:\/\/shopcinius.com\/fr\/wp-json\/wp\/v2\/comments?post=4088"}],"wp:featuredmedia":[{"embeddable":true,"href":"https:\/\/shopcinius.com\/fr\/wp-json\/wp\/v2\/media\/1625"}],"wp:attachment":[{"href":"https:\/\/shopcinius.com\/fr\/wp-json\/wp\/v2\/media?parent=4088"}],"wp:term":[{"taxonomy":"product_brand","embeddable":true,"href":"https:\/\/shopcinius.com\/fr\/wp-json\/wp\/v2\/product_brand?post=4088"},{"taxonomy":"product_cat","embeddable":true,"href":"https:\/\/shopcinius.com\/fr\/wp-json\/wp\/v2\/product_cat?post=4088"},{"taxonomy":"product_tag","embeddable":true,"href":"https:\/\/shopcinius.com\/fr\/wp-json\/wp\/v2\/product_tag?post=4088"}],"curies":[{"name":"wp","href":"https:\/\/api.w.org\/{rel}","templated":true}]}}