{"id":4090,"date":"2022-04-19T19:11:07","date_gmt":"2022-04-19T17:11:07","guid":{"rendered":"https:\/\/shopcinius.com\/prodotti\/non%20class\u00e9\/portes-et-cloisons-coulissantes-shoji\/"},"modified":"2022-12-07T15:47:04","modified_gmt":"2022-12-07T14:47:04","slug":"portes-et-murs-coulissants-shoji","status":"publish","type":"product","link":"https:\/\/shopcinius.com\/fr\/produits\/murs-coulissants\/portes-et-murs-coulissants-shoji\/","title":{"rendered":"Portes et cloisons coulissantes Shoji"},"content":{"rendered":"<h3>La tradition japonaise dans un style moderne<\/h3>\n<p>Les portes coulissantes et les cloisons coulissantes Shoji de Cinius sont fabriqu\u00e9es sur mesure pour chaque pi\u00e8ce et conviennent aussi bien \u00e0 l\u2019ameublement contemporain qu\u2019\u00e0 l\u2019ameublement japonais.<br \/>\n<br class=\"blank\">En bois massif de h\u00eatre lamell\u00e9, ils sont id\u00e9aux comme cloisons environnementales, portes coulissantes pour armoires encastr\u00e9es ou portes pour armoires.<br \/>\n<br class=\"blank\">Nos portes volent, aussi l\u00e9g\u00e8res qu\u2019elles soient !<br \/>\n<br class=\"blank\">Le glissement s\u2019effectue sur des voies en bois ou en aluminium :<\/p>\n<ul>\n<li>mont\u00e9s au plafond pour les portes de dimensions r\u00e9duites;<\/li>\n<li>mont\u00e9s au plafond et au sol pour les murs plus grands;<\/li>\n<li>encastr\u00e9s dans la structure du meuble et pour les armoires encastr\u00e9es ou les dressings.<\/li>\n<\/ul>\n<h3><strong><a href=\"https:\/\/shopcinius.com\/wp-content\/uploads\/2022\/01\/cartella-colori-cinius_compressed.pdf\" target=\"_blank\" rel=\"noopener\">Cliquez ici pour voir les couleurs H\u00eatre disponibles<\/a><\/strong><\/h3>\n<p>La norme est en bois naturel non trait\u00e9<br \/>\n<br class=\"blank\"><br class=\"blank\"><\/p>\n<h3>Comment d\u00e9cider quel syst\u00e8me de coulissement est le plus adapt\u00e9 \u00e0 vos besoins?<\/h3>\n<ul>\n<li>Fermer une niche pour en faire un conteneur\/penderie\/placard \u21d2 glissement japonais;<\/li>\n<li>Fermer une zone pour la mettre en placard (profondeur recommand\u00e9e 60cm) \u21d2 glissement japonais;<\/li>\n<li>Fermer une zone pour la mettre en garde-robe \u21d2 glissement japonais avec glissi\u00e8re ou glissi\u00e8re suspendue en aluminium;<\/li>\n<li>Diviser deux pi\u00e8ces avec une paroi coulissante \u21d2 coulissement suspendu en aluminium;<\/li>\n<li>Cr\u00e9er une porte coulissante entre deux pi\u00e8ces \u21d2 coulissement suspendu en aluminium.<\/li>\n<\/ul>\n<h3>Les murs Shoji de Cinius sont enti\u00e8rement personnalisables<\/h3>\n<p>Le rev\u00eatement peut \u00eatre r\u00e9alis\u00e9 avec des tissus de coton trait\u00e9 anti-tache (facilement rempla\u00e7ables) ou d\u2019autres mat\u00e9riaux sur demande (papier de riz, polycarbonate, Plexiglas).<br \/>\n<br class=\"blank\">Remarque : les portes avec doublure en Plexiglas ou en Opal ne peuvent pas avoir la finition totale \u00e0 l\u2019arri\u00e8re de la porte, car la tige n\u00e9cessaire \u00e0 la fixation risque de fissurer le mat\u00e9riau.<br \/>\n<br class=\"blank\"><\/p>\n<h4>D\u00c9COUVREZ AUSSI NOS PORTES COULISSANTES ET BATTANTES !<\/h4>\n","protected":false},"excerpt":{"rendered":"<p>Les portes coulissantes et les cloisons coulissantes Shoji de Cinius sont fabriqu\u00e9es sur mesure pour chaque pi\u00e8ce et conviennent aussi bien \u00e0 l\u2019ameublement contemporain qu\u2019\u00e0 l\u2019ameublement japonais.<\/p>\n","protected":false},"featured_media":1609,"comment_status":"closed","ping_status":"closed","template":"","meta":[],"product_brand":[],"product_cat":[144],"product_tag":[75,106],"class_list":{"0":"post-4090","1":"product","2":"type-product","3":"status-publish","4":"has-post-thumbnail","6":"product_cat-murs-coulissants","7":"product_tag-sur-demande","8":"product_tag-commencant-par","10":"first","11":"outofstock","12":"taxable","13":"shipping-taxable","14":"product-type-simple"},"acf":[],"_links":{"self":[{"href":"https:\/\/shopcinius.com\/fr\/wp-json\/wp\/v2\/product\/4090","targetHints":{"allow":["GET"]}}],"collection":[{"href":"https:\/\/shopcinius.com\/fr\/wp-json\/wp\/v2\/product"}],"about":[{"href":"https:\/\/shopcinius.com\/fr\/wp-json\/wp\/v2\/types\/product"}],"replies":[{"embeddable":true,"href":"https:\/\/shopcinius.com\/fr\/wp-json\/wp\/v2\/comments?post=4090"}],"wp:featuredmedia":[{"embeddable":true,"href":"https:\/\/shopcinius.com\/fr\/wp-json\/wp\/v2\/media\/1609"}],"wp:attachment":[{"href":"https:\/\/shopcinius.com\/fr\/wp-json\/wp\/v2\/media?parent=4090"}],"wp:term":[{"taxonomy":"product_brand","embeddable":true,"href":"https:\/\/shopcinius.com\/fr\/wp-json\/wp\/v2\/product_brand?post=4090"},{"taxonomy":"product_cat","embeddable":true,"href":"https:\/\/shopcinius.com\/fr\/wp-json\/wp\/v2\/product_cat?post=4090"},{"taxonomy":"product_tag","embeddable":true,"href":"https:\/\/shopcinius.com\/fr\/wp-json\/wp\/v2\/product_tag?post=4090"}],"curies":[{"name":"wp","href":"https:\/\/api.w.org\/{rel}","templated":true}]}}