{"id":4435,"date":"2022-01-30T20:20:13","date_gmt":"2022-01-30T19:20:13","guid":{"rendered":"https:\/\/shopcinius.com\/prodotti\/non%20class\u00e9\/lit-de-la-pyramide-de-kheops\/"},"modified":"2022-11-28T17:49:59","modified_gmt":"2022-11-28T16:49:59","slug":"lit-a-pyramid-cheope","status":"publish","type":"product","link":"https:\/\/shopcinius.com\/fr\/produits\/lits\/lit-a-pyramid-cheope\/","title":{"rendered":"Cheope lit de la pyramide"},"content":{"rendered":"<p>Lit pyramidal en h\u00eatre massif lamellaire avec plateau de lit recouvert de tatamis. Panneaux en h\u00eatre Shoji doubl\u00e9s de tissu (un ou plusieurs c\u00f4t\u00e9s de la pyramide sur demande). Trait\u00e9s sur demande avec des huiles d&rsquo;impr\u00e9gnation naturelles. \u00c9galement disponible sur mesure.<\/p>\n","protected":false},"excerpt":{"rendered":"<p>Le Cheops est un lit en bois avec un cadre de lit recouvert de tatamis dont le design est inspir\u00e9 des pyramides \u00e9gyptiennes. La structure en bois de h\u00eatre massif est imposante et peut \u00eatre personnalis\u00e9e avec des panneaux Shoji ; en outre, le sommet de la structure dissimule la disposition d&rsquo;un point d&rsquo;\u00e9clairage.<\/p>\n","protected":false},"featured_media":7826,"comment_status":"open","ping_status":"closed","template":"","meta":[],"product_brand":[],"product_cat":[128],"product_tag":[75,106],"class_list":{"0":"post-4435","1":"product","2":"type-product","3":"status-publish","4":"has-post-thumbnail","6":"product_cat-lits","7":"product_tag-sur-demande","8":"product_tag-commencant-par","9":"product_shipping_class-classe-a-fr-2","11":"first","12":"outofstock","13":"taxable","14":"shipping-taxable","15":"purchasable","16":"product-type-simple"},"acf":[],"_links":{"self":[{"href":"https:\/\/shopcinius.com\/fr\/wp-json\/wp\/v2\/product\/4435","targetHints":{"allow":["GET"]}}],"collection":[{"href":"https:\/\/shopcinius.com\/fr\/wp-json\/wp\/v2\/product"}],"about":[{"href":"https:\/\/shopcinius.com\/fr\/wp-json\/wp\/v2\/types\/product"}],"replies":[{"embeddable":true,"href":"https:\/\/shopcinius.com\/fr\/wp-json\/wp\/v2\/comments?post=4435"}],"wp:featuredmedia":[{"embeddable":true,"href":"https:\/\/shopcinius.com\/fr\/wp-json\/wp\/v2\/media\/7826"}],"wp:attachment":[{"href":"https:\/\/shopcinius.com\/fr\/wp-json\/wp\/v2\/media?parent=4435"}],"wp:term":[{"taxonomy":"product_brand","embeddable":true,"href":"https:\/\/shopcinius.com\/fr\/wp-json\/wp\/v2\/product_brand?post=4435"},{"taxonomy":"product_cat","embeddable":true,"href":"https:\/\/shopcinius.com\/fr\/wp-json\/wp\/v2\/product_cat?post=4435"},{"taxonomy":"product_tag","embeddable":true,"href":"https:\/\/shopcinius.com\/fr\/wp-json\/wp\/v2\/product_tag?post=4435"}],"curies":[{"name":"wp","href":"https:\/\/api.w.org\/{rel}","templated":true}]}}