{"id":4644,"date":"2022-12-14T22:59:40","date_gmt":"2022-12-14T21:59:40","guid":{"rendered":"https:\/\/shopcinius.com\/prodotti\/non%20class\u00e9\/chaise-ergonomique-avec-dossier-made-in-italy-couleur-naturel-couleur-du-siege-noir\/"},"modified":"2024-08-22T16:07:10","modified_gmt":"2024-08-22T14:07:10","slug":"chaise-ergonomique-avec-dossier-faite-en-italie-couleur-naturelle-siege-noir","status":"publish","type":"product","link":"https:\/\/shopcinius.com\/fr\/produits\/chaises-ergonomiques\/chaise-ergonomique-avec-dossier-faite-en-italie-couleur-naturelle-siege-noir\/","title":{"rendered":"Chaise ergonomique avec dossier &#8211; MADE IN ITALY. Couleur Naturel, couleur du si\u00e8ge noir"},"content":{"rendered":"<p>Chaise ergonomique professionnelle (fabriqu\u00e9e en Italie) id\u00e9ale pour les travailleurs assis, aide \u00e0 maintenir la position correcte de la colonne vert\u00e9brale.<\/p>\n<p>La chaise ergonomique Cinius est \u00e9quip\u00e9e d&rsquo;un support pour les genoux et est compl\u00e8te avec un dossier.<\/p>\n<p>Convient \u00e9galement aux personnes de grande taille (jusqu&rsquo;\u00e0 190 cm).<\/p>\n<p>Inclinaison entre le si\u00e8ge et la genouill\u00e8re r\u00e9glable.<\/p>\n<p>Le si\u00e8ge est de haute qualit\u00e9 avec un rembourrage <strong>ind\u00e9formable<\/strong> et un tissu de couverture tr\u00e8s durable. Le rembourrage est form\u00e9 pour offrir un soutien confortable. Le bois utilis\u00e9 provient de l&rsquo;h\u00e9v\u00e9a, un arbre tr\u00e8s durable (rubber-wood).<\/p>\n<p><strong>La chaise ergonomique Cinius est un produit de qualit\u00e9 sup\u00e9rieure qu&rsquo;il ne faut en aucun cas confondre avec d&rsquo;autres chaises similaires propos\u00e9es sur le march\u00e9 \u00e0 des prix d\u00e9risoires, fabriqu\u00e9es en bois de pin et dot\u00e9es d&rsquo;un rembourrage et d&rsquo;une garniture de mauvaise qualit\u00e9 (facilement d\u00e9formables).<\/strong><\/p>\n<p>Les chaises ergonomiques Cinius ne sont pas certifi\u00e9es UNI.<\/p>\n<p><strong>Remarque : le produit est livr\u00e9 d\u00e9mont\u00e9.<\/strong><\/p>\n","protected":false},"excerpt":{"rendered":"<p id=\"title\" class=\"a-size-large a-spacing-none\"><span id=\"productTitle\" class=\"a-size-large product-title-word-break\">Fauteuil ergonomique (fabriqu\u00e9 en Italie) avec support pour les genoux et le dos, \u00e9galement adapt\u00e9 aux personnes de grande taille (jusqu&rsquo;\u00e0 190 cm). Id\u00e9al pour les travailleurs assis. Inclinaison entre le si\u00e8ge et la genouill\u00e8re r\u00e9glable.<\/span><\/p>\n","protected":false},"featured_media":4636,"comment_status":"open","ping_status":"closed","template":"","meta":[],"product_brand":[],"product_cat":[102],"product_tag":[],"class_list":{"0":"post-4644","1":"product","2":"type-product","3":"status-publish","4":"has-post-thumbnail","6":"product_cat-chaises-ergonomiques","7":"product_shipping_class-classe-i-fr","9":"first","10":"outofstock","11":"sale","12":"taxable","13":"shipping-taxable","14":"purchasable","15":"product-type-simple"},"acf":[],"_links":{"self":[{"href":"https:\/\/shopcinius.com\/fr\/wp-json\/wp\/v2\/product\/4644","targetHints":{"allow":["GET"]}}],"collection":[{"href":"https:\/\/shopcinius.com\/fr\/wp-json\/wp\/v2\/product"}],"about":[{"href":"https:\/\/shopcinius.com\/fr\/wp-json\/wp\/v2\/types\/product"}],"replies":[{"embeddable":true,"href":"https:\/\/shopcinius.com\/fr\/wp-json\/wp\/v2\/comments?post=4644"}],"wp:featuredmedia":[{"embeddable":true,"href":"https:\/\/shopcinius.com\/fr\/wp-json\/wp\/v2\/media\/4636"}],"wp:attachment":[{"href":"https:\/\/shopcinius.com\/fr\/wp-json\/wp\/v2\/media?parent=4644"}],"wp:term":[{"taxonomy":"product_brand","embeddable":true,"href":"https:\/\/shopcinius.com\/fr\/wp-json\/wp\/v2\/product_brand?post=4644"},{"taxonomy":"product_cat","embeddable":true,"href":"https:\/\/shopcinius.com\/fr\/wp-json\/wp\/v2\/product_cat?post=4644"},{"taxonomy":"product_tag","embeddable":true,"href":"https:\/\/shopcinius.com\/fr\/wp-json\/wp\/v2\/product_tag?post=4644"}],"curies":[{"name":"wp","href":"https:\/\/api.w.org\/{rel}","templated":true}]}}