{"id":4977,"date":"2023-02-02T16:22:19","date_gmt":"2023-02-02T15:22:19","guid":{"rendered":"https:\/\/shopcinius.com\/prodotti\/uncategorized\/futon-shiatsu-matelas-uniquement-differentes-tailles\/"},"modified":"2025-09-14T15:13:35","modified_gmt":"2025-09-14T13:13:35","slug":"futon-shiatsu-solo-matelas-2","status":"publish","type":"product","link":"https:\/\/shopcinius.com\/fr\/produits\/futons-et-matelas\/futon-shiatsu-solo-matelas-2\/","title":{"rendered":"Futon Shiatsu (matelas uniquement) &#8211; diff\u00e9rentes tailles"},"content":{"rendered":"<p>Le matelas Futon Shiatsu est compos\u00e9 de 100 % de coton, dispos\u00e9 en couches et non en flocons, d&rsquo;une hauteur d&rsquo;environ 4 \u00e0 5 cm (\u00e0 l&rsquo;usage, elle se r\u00e9duit \u00e0 environ 2 \u00e0 3 cm).<br \/>\nCon\u00e7u sp\u00e9cialement pour les praticiens du massage Shiatsu, il peut \u00e9galement \u00eatre utilis\u00e9 comme matelas confortable pour dormir sur des tapis Tatami, pour la m\u00e9ditation ou pour la pratique du yoga.<br \/>\nFacile \u00e0 ranger une fois enroul\u00e9, il prend tr\u00e8s peu de place.<\/p>\n<p><strong>Entretien futon<\/strong><\/p>\n<p>Le futon est un matelas non d\u00e9houssable, donc toutes les taches doivent \u00eatre trait\u00e9es avec des d\u00e9tachants.<br \/>\nIl ne faut pas utiliser d\u2019eau ou de chiffons humides, car le rembourrage en coton contient des particules de feuilles qui, si elles sont mouill\u00e9es, pourraient teindre le tissu.<br \/>\nC\u2019est une bonne norme hygi\u00e9nique de passer p\u00e9riodiquement l\u2019aspirateur sur le futon.<br \/>\nLe futon doit \u00eatre tourn\u00e9 souvent dans les premiers mois d\u2019utilisation, pour permettre un lissage uniforme du coton.<br \/>\nPendant les p\u00e9riodes particuli\u00e8rement humides, \u00e0 l\u2019humidit\u00e9 naturelle \u00e9mise par notre corps s\u2019ajoute l\u2019humidit\u00e9 ambiante\u00a0: il est conseill\u00e9 de laisser les fen\u00eatres ouvertes et, si possible, de placer le matelas de sorte qu\u2019il prenne de l\u2019air des deux c\u00f4t\u00e9s.<br \/>\nSi le futon repose sur les tatamis, il est essentiel d\u2019\u00e9viter l\u2019accumulation d\u2019humidit\u00e9 entre eux\u00a0: il est conseill\u00e9 de laisser p\u00e9riodiquement le matelas enroul\u00e9 ou recueilli, surtout pendant les p\u00e9riodes humides.<\/p>\n","protected":false},"excerpt":{"rendered":"<p>Matelas Futon Shiatsu<br \/>\nTailles : diverses<br \/>\n(futon de voyage)<\/p>\n","protected":false},"featured_media":5028,"comment_status":"closed","ping_status":"closed","template":"","meta":[],"product_brand":[],"product_cat":[126],"product_tag":[],"class_list":{"0":"post-4977","1":"product","2":"type-product","3":"status-publish","4":"has-post-thumbnail","6":"product_cat-futons-et-matelas","7":"product_shipping_class-classe-g-fr","9":"first","10":"instock","11":"sale","12":"taxable","13":"shipping-taxable","14":"purchasable","15":"product-type-variable"},"acf":[],"_links":{"self":[{"href":"https:\/\/shopcinius.com\/fr\/wp-json\/wp\/v2\/product\/4977","targetHints":{"allow":["GET"]}}],"collection":[{"href":"https:\/\/shopcinius.com\/fr\/wp-json\/wp\/v2\/product"}],"about":[{"href":"https:\/\/shopcinius.com\/fr\/wp-json\/wp\/v2\/types\/product"}],"replies":[{"embeddable":true,"href":"https:\/\/shopcinius.com\/fr\/wp-json\/wp\/v2\/comments?post=4977"}],"wp:featuredmedia":[{"embeddable":true,"href":"https:\/\/shopcinius.com\/fr\/wp-json\/wp\/v2\/media\/5028"}],"wp:attachment":[{"href":"https:\/\/shopcinius.com\/fr\/wp-json\/wp\/v2\/media?parent=4977"}],"wp:term":[{"taxonomy":"product_brand","embeddable":true,"href":"https:\/\/shopcinius.com\/fr\/wp-json\/wp\/v2\/product_brand?post=4977"},{"taxonomy":"product_cat","embeddable":true,"href":"https:\/\/shopcinius.com\/fr\/wp-json\/wp\/v2\/product_cat?post=4977"},{"taxonomy":"product_tag","embeddable":true,"href":"https:\/\/shopcinius.com\/fr\/wp-json\/wp\/v2\/product_tag?post=4977"}],"curies":[{"name":"wp","href":"https:\/\/api.w.org\/{rel}","templated":true}]}}