{"id":4985,"date":"2023-02-02T11:32:32","date_gmt":"2023-02-02T10:32:32","guid":{"rendered":"https:\/\/shopcinius.com\/prodotti\/uncategorized\/matelas-en-latex-yume-h16cm\/"},"modified":"2023-04-18T16:26:59","modified_gmt":"2023-04-18T14:26:59","slug":"matelas-en-latex-yume-h16cm","status":"publish","type":"product","link":"https:\/\/shopcinius.com\/fr\/produits\/futons-et-matelas\/matelas-en-latex-yume-h16cm\/","title":{"rendered":"Matelas en latex Yume H16cm"},"content":{"rendered":"<p>Matelas en latex &#8211; mod\u00e8le<em>&lsquo;Yume<\/em>&lsquo;<\/p>\n<p>H 16,5cm avec doublure en coton \u00e0 motifs de diamants.<br \/>\nL&rsquo;amovibilit\u00e9 totale du matelas permet de nettoyer la doublure \u00e0 sec.<\/p>\n<p><strong>100% latex naturel ?<\/strong><br \/>\nLe latex enti\u00e8rement naturel n&rsquo;existe pas car le caoutchouc (composant de base) obtenu \u00e0 partir de l&rsquo;h\u00e9v\u00e9a, s&rsquo;il n&rsquo;est pas trait\u00e9 avec des additifs acryliques, a tendance \u00e0 se pulv\u00e9riser en peu de temps. Attention donc, la mention \u00ab\u00a0&#8230; 100% latex&#8230;\u00a0\u00bb ne signifie pas que le matelas est \u00ab\u00a0&#8230; 100% naturel&#8230;\u00a0\u00bb . En revanche, un matelas peut \u00eatre d\u00e9clar\u00e9 100% latex et ne contenir que 1% de caoutchouc. Il est \u00e9vident que plus le pourcentage de caoutchouc est \u00e9lev\u00e9, plus le co\u00fbt du matelas est important.<\/p>\n<p>Malheureusement, aucune l\u00e9gislation n&rsquo;oblige les fabricants de matelas \u00e0 d\u00e9clarer la qualit\u00e9 et la composition du latex utilis\u00e9 ; en outre, il n&rsquo;existe actuellement aucun outil \u00e0 la port\u00e9e du consommateur pour l&rsquo;aider \u00e0 d\u00e9terminer la qualit\u00e9 du latex qu&rsquo;il ach\u00e8te. Le client n&rsquo;a alors d&rsquo;autre choix que de se fier \u00e0 la r\u00e9putation et au s\u00e9rieux du revendeur. Quoi qu&rsquo;il en soit, on peut affirmer, de mani\u00e8re assez vague, que plus le latex est doux, plus il est naturel. Le latex utilis\u00e9 dans nos matelas a une teneur en caoutchouc comprise entre 30 et 40 %. Avec ce pourcentage, nous pensons offrir un bon compromis entre la qualit\u00e9, le prix et la durabilit\u00e9 du matelas (rappelons que plus le latex est naturel, moins il est durable).<\/p>\n<p>Nous esp\u00e9rons que ces informations vous aideront \u00e0 comprendre pourquoi les matelas \u00ab\u00a0100 % latex\u00a0\u00bb se trouvent sur le march\u00e9 \u00e0 des prix si diff\u00e9rents.<\/p>\n","protected":false},"excerpt":{"rendered":"<p>Matelas en latex H 16cm<br \/>\nmod\u00e8le \u00ab\u00a0Yume\u00a0\u00bb (R\u00eave).<\/p>\n","protected":false},"featured_media":4731,"comment_status":"closed","ping_status":"closed","template":"","meta":[],"product_brand":[],"product_cat":[126],"product_tag":[],"class_list":{"0":"post-4985","1":"product","2":"type-product","3":"status-publish","4":"has-post-thumbnail","6":"product_cat-futons-et-matelas","7":"product_shipping_class-classe-f-fr","9":"first","10":"onbackorder","11":"sale","12":"taxable","13":"shipping-taxable","14":"purchasable","15":"product-type-variable"},"acf":[],"_links":{"self":[{"href":"https:\/\/shopcinius.com\/fr\/wp-json\/wp\/v2\/product\/4985","targetHints":{"allow":["GET"]}}],"collection":[{"href":"https:\/\/shopcinius.com\/fr\/wp-json\/wp\/v2\/product"}],"about":[{"href":"https:\/\/shopcinius.com\/fr\/wp-json\/wp\/v2\/types\/product"}],"replies":[{"embeddable":true,"href":"https:\/\/shopcinius.com\/fr\/wp-json\/wp\/v2\/comments?post=4985"}],"wp:featuredmedia":[{"embeddable":true,"href":"https:\/\/shopcinius.com\/fr\/wp-json\/wp\/v2\/media\/4731"}],"wp:attachment":[{"href":"https:\/\/shopcinius.com\/fr\/wp-json\/wp\/v2\/media?parent=4985"}],"wp:term":[{"taxonomy":"product_brand","embeddable":true,"href":"https:\/\/shopcinius.com\/fr\/wp-json\/wp\/v2\/product_brand?post=4985"},{"taxonomy":"product_cat","embeddable":true,"href":"https:\/\/shopcinius.com\/fr\/wp-json\/wp\/v2\/product_cat?post=4985"},{"taxonomy":"product_tag","embeddable":true,"href":"https:\/\/shopcinius.com\/fr\/wp-json\/wp\/v2\/product_tag?post=4985"}],"curies":[{"name":"wp","href":"https:\/\/api.w.org\/{rel}","templated":true}]}}