{"id":6016,"date":"2023-06-07T14:42:47","date_gmt":"2023-06-07T12:42:47","guid":{"rendered":"https:\/\/shopcinius.com\/prodotti\/uncategorized\/chaise-japonais-zaisu\/"},"modified":"2023-06-07T15:12:31","modified_gmt":"2023-06-07T13:12:31","slug":"chais-japonaise-zaisu","status":"publish","type":"product","link":"https:\/\/shopcinius.com\/fr\/produits\/objets\/chais\/chais-japonaise-zaisu\/","title":{"rendered":"Chaise Japonais Zaisu"},"content":{"rendered":"<p>La chaise japonaise \u00ab\u00a0Zaisu\u00a0\u00bb est con\u00e7ue pour offrir un si\u00e8ge confortable au sol, traditionnellement utilis\u00e9 dans les maisons japonaises. Ce mod\u00e8le est fabriqu\u00e9 en bois respectueux de l&rsquo;environnement, ce qui garantit une structure robuste et durable.<\/p>\n<p>L&rsquo;oreiller double face, qui poss\u00e8de deux faces distinctes, offre la possibilit\u00e9 de choisir la couleur en fonction de l&rsquo;humeur du moment. La teinte rouge apporte une touche de chaleur et de vitalit\u00e9 \u00e0 la pi\u00e8ce, tandis que la teinte paille est parfaite pour cr\u00e9er un sentiment de d\u00e9tente et de s\u00e9r\u00e9nit\u00e9.<\/p>\n<p>La chaise a une largeur de 41 cm, une profondeur de 48 cm et une hauteur de 45 cm, ce qui la rend adapt\u00e9e \u00e0 diff\u00e9rents besoins. Il peut \u00eatre utilis\u00e9 dans la cuisine, le salon, la chambre \u00e0 coucher ou toute autre pi\u00e8ce \u00e0 laquelle vous souhaitez donner une touche de style japonais et d&rsquo;excellence artisanale.<\/p>\n","protected":false},"excerpt":{"rendered":"<ul class=\"a-unordered-list a-vertical a-spacing-mini\">\n<li class=\"a-spacing-mini\"><span class=\"a-list-item\">Chaise japonaise \u00ab\u00a0Zaisu<\/span><\/li>\n<li class=\"a-spacing-mini\"><span class=\"a-list-item\">coussin \u00e0 double face, rouge d&rsquo;un c\u00f4t\u00e9 et paille de l&rsquo;autre<\/span><\/li>\n<li class=\"a-spacing-mini\"><span class=\"a-list-item\">Largeur 41cm, Profondeur 48cm, Hauteur 45cm<\/span><\/li>\n<\/ul>\n","protected":false},"featured_media":6007,"comment_status":"closed","ping_status":"closed","template":"","meta":[],"product_brand":[],"product_cat":[222],"product_tag":[],"class_list":{"0":"post-6016","1":"product","2":"type-product","3":"status-publish","4":"has-post-thumbnail","6":"product_cat-chais","8":"first","9":"outofstock","10":"taxable","11":"shipping-taxable","12":"purchasable","13":"product-type-simple"},"acf":[],"_links":{"self":[{"href":"https:\/\/shopcinius.com\/fr\/wp-json\/wp\/v2\/product\/6016","targetHints":{"allow":["GET"]}}],"collection":[{"href":"https:\/\/shopcinius.com\/fr\/wp-json\/wp\/v2\/product"}],"about":[{"href":"https:\/\/shopcinius.com\/fr\/wp-json\/wp\/v2\/types\/product"}],"replies":[{"embeddable":true,"href":"https:\/\/shopcinius.com\/fr\/wp-json\/wp\/v2\/comments?post=6016"}],"wp:featuredmedia":[{"embeddable":true,"href":"https:\/\/shopcinius.com\/fr\/wp-json\/wp\/v2\/media\/6007"}],"wp:attachment":[{"href":"https:\/\/shopcinius.com\/fr\/wp-json\/wp\/v2\/media?parent=6016"}],"wp:term":[{"taxonomy":"product_brand","embeddable":true,"href":"https:\/\/shopcinius.com\/fr\/wp-json\/wp\/v2\/product_brand?post=6016"},{"taxonomy":"product_cat","embeddable":true,"href":"https:\/\/shopcinius.com\/fr\/wp-json\/wp\/v2\/product_cat?post=6016"},{"taxonomy":"product_tag","embeddable":true,"href":"https:\/\/shopcinius.com\/fr\/wp-json\/wp\/v2\/product_tag?post=6016"}],"curies":[{"name":"wp","href":"https:\/\/api.w.org\/{rel}","templated":true}]}}