{"id":7029,"date":"2023-12-07T13:38:26","date_gmt":"2023-12-07T12:38:26","guid":{"rendered":"https:\/\/shopcinius.com\/?post_type=product&#038;p=7029"},"modified":"2024-01-11T13:12:40","modified_gmt":"2024-01-11T12:12:40","slug":"spazio-bed-castello-copia","status":"publish","type":"product","link":"https:\/\/shopcinius.com\/fr\/produits\/chambres-pour-enfants\/spazio-bed-castello-copia\/","title":{"rendered":"SpazioBed &#8211; BASIC 1"},"content":{"rendered":"<h3>SpazioBed Young Base &#8211; solution pour chambre d\u2019enfant avec 2 portes coulissantes.<\/h3>\n<h3>Couleur bois naturel et blanc.<\/h3>\n<p>Lorsque vous disposez de peu d\u2019espace, chaque moyen peut s\u2019av\u00e9rer essentiel pour donner \u00e0 votre habitation un aspect plus confortable et am\u00e9liorer son organisation.<\/p>\n<p>Surtout en ce qui concerne les chambres d\u2019enfants et les \u00e9tudes, il arrive souvent que l\u2019espace soit plut\u00f4t sacrifi\u00e9.<\/p>\n<p>Il faut alors des solutions en mesure de garantir une maximisation de l\u2019espace disponible, qui viennent int\u00e9grer diff\u00e9rents besoins en compl\u00e9ments d\u2019ameublement uniques et ergonomiques.<\/p>\n<p>Per i letti SpazioBed consigliamo il <a href=\"https:\/\/shopcinius.com\/prodotti\/tatami\/tatami\/\"><b>tatami<\/b><\/a>: la sua trama consente di posarvi il materasso direttamente sopra.<\/p>\n<p>La qualit\u00e9 du bois utilis\u00e9 est \u00e9lev\u00e9e et il existe un choix de nombreuses couleurs diff\u00e9rentes pour r\u00e9pondre aux besoins sp\u00e9cifiques des clients.<\/p>\n<p>Cinius garantit \u00e9galement que le compl\u00e9ment peut \u00eatre adapt\u00e9 aux besoins sp\u00e9cifiques de la maison.<\/p>\n<p>Cette solution peu encombrante est extr\u00eamement pratique et polyvalente, et permet de r\u00e9pondre \u00e0 de nombreux besoins diff\u00e9rents.<\/p>\n<p>Ce type de compl\u00e9ment d&rsquo;ameublement peut \u00eatre utilis\u00e9 confortablement dans une petite chambre d&rsquo;enfant.<\/p>\n<p>Des mod\u00e8les avec diff\u00e9rentes solutions esth\u00e9tiques sont disponibles, mais le design reste toujours extr\u00eamement raffin\u00e9, moderne et propre.<\/p>\n<p>&nbsp;<\/p>\n<p><strong>Lit SpazioBed Composable [SBY 020 &#8211; BASIC 1]<\/strong><\/p>\n<ul>\n<li>Lit Spaziobed avec lattes et tatami<\/li>\n<li>Structure 86x206x120H<\/li>\n<li>Structure 96x206x120H<\/li>\n<li>Structure 106x206x120H<\/li>\n<li>Structure 126x206x120H<\/li>\n<li>Structure 146x206x120H<\/li>\n<li>Structure 166x206x120H<\/li>\n<li>Structure 186x206x120H<\/li>\n<li>Garde-corps en bois L 50 , H 30<\/li>\n<li>Paire de portes coulissantes lat\u00e9rales fusuma Nob. Blanche<\/li>\n<li>Int\u00e9rieur armoire 2 poteaux sans dossier<\/li>\n<li>\u00c9chelle<\/li>\n<\/ul>\n","protected":false},"excerpt":{"rendered":"<p>SpazioBed Young Base &#8211; solution pour chambre d\u2019enfant avec 2 portes coulissantes.<\/p>\n<p>Couleur bois naturel et blanc.<\/p>\n<p>&nbsp;<\/p>\n<p><strong>Lit SpazioBed Modulable [SBY 020 &#8211; BASIC 1]<\/strong><\/p>\n<ul>\n<li>Lit Spaziobed avec lattes et tatami<\/li>\n<li>Structure 86x206x120H<\/li>\n<li>Structure 96x206x120H<\/li>\n<li>Structure 106x206x120H<\/li>\n<li>Structure 126x206x120H<\/li>\n<li>Structure 146x206x120H<\/li>\n<li>Structure 166x206x120H<\/li>\n<li>Structure 186x206x120H<\/li>\n<li>Garde-corps en bois L 50 , H 30<\/li>\n<li>Paire de portes coulissantes lat\u00e9rales fusuma Nob. Blanche<\/li>\n<li>Int\u00e9rieur armoire 2 poteaux sans dossier<\/li>\n<li>\u00c9chelle<\/li>\n<\/ul>\n","protected":false},"featured_media":1698,"comment_status":"closed","ping_status":"closed","template":"","meta":[],"product_brand":[],"product_cat":[114,76],"product_tag":[75,106,301],"class_list":{"0":"post-7029","1":"product","2":"type-product","3":"status-publish","4":"has-post-thumbnail","6":"product_cat-chambres-pour-enfants","7":"product_cat-lits-a-faible-encombrement","8":"product_tag-sur-demande","9":"product_tag-commencant-par","10":"product_tag-sicurezza-fr","11":"product_shipping_class-p-letto-voluminoso","13":"first","14":"onbackorder","15":"taxable","16":"shipping-taxable","17":"purchasable","18":"product-type-simple"},"acf":[],"_links":{"self":[{"href":"https:\/\/shopcinius.com\/fr\/wp-json\/wp\/v2\/product\/7029","targetHints":{"allow":["GET"]}}],"collection":[{"href":"https:\/\/shopcinius.com\/fr\/wp-json\/wp\/v2\/product"}],"about":[{"href":"https:\/\/shopcinius.com\/fr\/wp-json\/wp\/v2\/types\/product"}],"replies":[{"embeddable":true,"href":"https:\/\/shopcinius.com\/fr\/wp-json\/wp\/v2\/comments?post=7029"}],"wp:featuredmedia":[{"embeddable":true,"href":"https:\/\/shopcinius.com\/fr\/wp-json\/wp\/v2\/media\/1698"}],"wp:attachment":[{"href":"https:\/\/shopcinius.com\/fr\/wp-json\/wp\/v2\/media?parent=7029"}],"wp:term":[{"taxonomy":"product_brand","embeddable":true,"href":"https:\/\/shopcinius.com\/fr\/wp-json\/wp\/v2\/product_brand?post=7029"},{"taxonomy":"product_cat","embeddable":true,"href":"https:\/\/shopcinius.com\/fr\/wp-json\/wp\/v2\/product_cat?post=7029"},{"taxonomy":"product_tag","embeddable":true,"href":"https:\/\/shopcinius.com\/fr\/wp-json\/wp\/v2\/product_tag?post=7029"}],"curies":[{"name":"wp","href":"https:\/\/api.w.org\/{rel}","templated":true}]}}