{"id":7918,"date":"2024-02-07T16:29:42","date_gmt":"2024-03-11T16:16:04","guid":{"rendered":"https:\/\/shopcinius.com\/prodotti\/uncategorized\/lit-superpose-maison-dans-larbre\/"},"modified":"2024-03-11T17:16:04","modified_gmt":"2024-03-11T16:16:04","slug":"lit-superpose-maison-dans-larbre","status":"publish","type":"product","link":"https:\/\/shopcinius.com\/fr\/produits\/lits-superposes\/lit-superpose-maison-dans-larbre\/","title":{"rendered":"Lit superpos\u00e9 maison dans l\u2019arbre"},"content":{"rendered":"<h2><b>LITS SUPERPOS\u00c9S CINIUS : UNE PROPOSITION PRATIQUE ET ERGONOMIQUE !<\/b><\/h2>\n<p>&nbsp;<\/p>\n<h3><b>Quelles sont les principales caract\u00e9ristiques du Lit de Ch\u00e2teau Cinius ?<\/b><\/h3>\n<p>Le <b>lit superpos\u00e9 Cinius<\/b> ajoute aux caract\u00e9ristiques d\u00e9j\u00e0 connues du <b>lit superpos\u00e9<\/b> traditionnel quelques variantes qui en augmentent <b>le confort<\/b><\/p>\n<p>C\u2019est un mod\u00e8le avec une <b>hauteur \u00ab\u00a0confortable\u00a0\u00bb et pas exag\u00e9r\u00e9e de 160 cm.<\/b><\/p>\n<p>&nbsp;<\/p>\n<ul>\n<li><b>Lit coffre \u00e9conomiseur d\u2019espace<\/b><\/li>\n<li><b>structure en solide bois de h\u00eatre massif<\/b><\/li>\n<li>Produit enregistr\u00e9 (patented)<\/li>\n<li>Disponible en bois non trait\u00e9 ou en diff\u00e9rentes couleurs<a class=\"fancylink trans\" href=\"https:\/\/www.cinius.com\/it\/comuni\/colorazioni.php\" target=\"_blank\" rel=\"noopener\">(voir<\/a>)<\/li>\n<li>Trait\u00e9s sur demande avec des huiles d&rsquo;impr\u00e9gnation naturelles.<\/li>\n<li>\u00c9galement disponible <strong>sur mesure<\/strong><\/li>\n<\/ul>\n<p>&nbsp;<\/p>\n<p>Lorsque vous disposez de <b>peu d\u2019espace<\/b>, chaque moyen peut s\u2019av\u00e9rer essentiel pour donner \u00e0 votre habitation un aspect plus confortable et am\u00e9liorer son organisation.<\/p>\n<p>Surtout en ce qui concerne les chambres d\u2019enfants et les \u00e9tudes, il arrive souvent que l\u2019espace soit plut\u00f4t sacrifi\u00e9.<\/p>\n<p>Il faut alors des solutions en mesure de <b>garantir une maximisation de l\u2019espace<\/b> disponible, qui viennent int\u00e9grer diff\u00e9rents besoins en compl\u00e9ments d\u2019ameublement uniques et ergonomiques.<\/p>\n<p>Pour les lits superpos\u00e9s, nous recommandons le <b>tatami<\/b>(<a href=\"https:\/\/www.cinius.com\/it\/reti\/tatami.php\" target=\"_blank\" rel=\"noopener\">voir)<\/a> : son tissage permet de placer le matelas directement dessus.<\/p>\n<p>La <b>qualit\u00e9 du bois<\/b> utilis\u00e9 est \u00e9lev\u00e9e et il existe un choix de nombreuses couleurs diff\u00e9rentes pour r\u00e9pondre aux besoins sp\u00e9cifiques des clients.<\/p>\n<p>Cinius garantit \u00e9galement que le compl\u00e9ment peut \u00eatre adapt\u00e9 <b>aux besoins<\/b> sp\u00e9cifiques de la maison.<\/p>\n<p>Cette <b>solution peu encombrante<\/b> est extr\u00eamement pratique et polyvalente, adapt\u00e9e \u00e0 de nombreuses exigences diff\u00e9rentes.<\/p>\n<p>Ce type de compl\u00e9ment d&rsquo;ameublement peut \u00eatre utilis\u00e9 confortablement dans une petite chambre d&rsquo;enfant.<\/p>\n<p>Des mod\u00e8les avec diff\u00e9rentes solutions esth\u00e9tiques sont disponibles, mais le design reste toujours extr\u00eamement raffin\u00e9, moderne et propre.<\/p>\n<p>Il y a \u00e9galement des tiroirs pratiques \u00e0 l&rsquo;int\u00e9rieur de la structure, parfaits pour ranger les jouets, les livres, le linge&#8230; bref, tout ce que vous voulez.<\/p>\n","protected":false},"excerpt":{"rendered":"<p>Le <b>lit superpos\u00e9 Cinius<\/b> ajoute aux caract\u00e9ristiques d\u00e9j\u00e0 connues du <b>lit superpos\u00e9<\/b> traditionnel quelques variantes qui en augmentent <b>le confort<\/b> C\u2019est un mod\u00e8le avec une <b>hauteur \u00ab\u00a0confortable\u00a0\u00bb et pas exag\u00e9r\u00e9e de 160 cm .<\/b><\/p>\n<ul>\n<li><b>Lit coffre \u00e9conomiseur d\u2019espace<\/b><\/li>\n<li><b>structure en solide bois de h\u00eatre massif<\/b><\/li>\n<li>Produit enregistr\u00e9 (patented)<\/li>\n<li>Disponible en bois non trait\u00e9 ou en diff\u00e9rentes couleurs<a class=\"fancylink trans\" href=\"https:\/\/www.cinius.com\/it\/comuni\/colorazioni.php\" target=\"_blank\" rel=\"noopener\">(voir<\/a>)<\/li>\n<li>Trait\u00e9s sur demande avec des huiles d&rsquo;impr\u00e9gnation naturelles.<\/li>\n<li>\u00c9galement disponible <strong>sur mesure<\/strong><\/li>\n<\/ul>\n","protected":false},"featured_media":7618,"comment_status":"closed","ping_status":"closed","template":"","meta":[],"product_brand":[],"product_cat":[130],"product_tag":[75],"class_list":{"0":"post-7918","1":"product","2":"type-product","3":"status-publish","4":"has-post-thumbnail","6":"product_cat-lits-superposes","7":"product_tag-sur-demande","9":"first","10":"instock","11":"taxable","12":"shipping-taxable","13":"product-type-simple"},"acf":[],"_links":{"self":[{"href":"https:\/\/shopcinius.com\/fr\/wp-json\/wp\/v2\/product\/7918","targetHints":{"allow":["GET"]}}],"collection":[{"href":"https:\/\/shopcinius.com\/fr\/wp-json\/wp\/v2\/product"}],"about":[{"href":"https:\/\/shopcinius.com\/fr\/wp-json\/wp\/v2\/types\/product"}],"replies":[{"embeddable":true,"href":"https:\/\/shopcinius.com\/fr\/wp-json\/wp\/v2\/comments?post=7918"}],"wp:featuredmedia":[{"embeddable":true,"href":"https:\/\/shopcinius.com\/fr\/wp-json\/wp\/v2\/media\/7618"}],"wp:attachment":[{"href":"https:\/\/shopcinius.com\/fr\/wp-json\/wp\/v2\/media?parent=7918"}],"wp:term":[{"taxonomy":"product_brand","embeddable":true,"href":"https:\/\/shopcinius.com\/fr\/wp-json\/wp\/v2\/product_brand?post=7918"},{"taxonomy":"product_cat","embeddable":true,"href":"https:\/\/shopcinius.com\/fr\/wp-json\/wp\/v2\/product_cat?post=7918"},{"taxonomy":"product_tag","embeddable":true,"href":"https:\/\/shopcinius.com\/fr\/wp-json\/wp\/v2\/product_tag?post=7918"}],"curies":[{"name":"wp","href":"https:\/\/api.w.org\/{rel}","templated":true}]}}